{"id":490,"date":"2023-12-04T15:43:20","date_gmt":"2023-12-04T15:43:20","guid":{"rendered":"https:\/\/web4.rkinformatika.net\/naturedescanso\/index.php\/producto\/producto-59\/"},"modified":"2025-11-25T10:34:19","modified_gmt":"2025-11-25T10:34:19","slug":"producto-59","status":"publish","type":"product","link":"https:\/\/tiendanaturedescanso.com\/eu\/produktua\/producto-59\/","title":{"rendered":"Colch\u00f3n BioGel"},"content":{"rendered":"<div class=\"column\">\n<h2>Colch\u00f3n BioGel<\/h2>\n<h4>ADAPTABLE Y FRESCO<\/h4>\n<p>\u00bfSab\u00edas que una m\u00ednima alteraci\u00f3n en la temperatura de tu colch\u00f3n altera tu descanso?<\/p>\n<p>El colch\u00f3n BioGel s\u00ed lo sabe, por eso lleva incorporado un exclusivo BIOGEL con efecto termoregulador que sumado a sus canales de aireaci\u00f3n internos te ofrece una sensaci\u00f3n de descanso homog\u00e9nea y sumamente placentera. Bievenid@ a la era de los \u201cSmart\u201d Colchones.<\/p>\n<p><em>De qu\u00e9 est\u00e1 hecho tu colch\u00f3n\u2026<\/em><\/p>\n<ul>\n<li>10 CM DE VISCOEL\u00c1STICA CA\n<ul>\n<li>En LowBed pensamos en tu cuerpo, en tu espalda y en la sensaci\u00f3n que tienes cada ma\u00f1ana. Por eso construimos tu colch\u00f3n con un material exclusivo de LowBed: La\u00a0<strong>Viscoel\u00e1stica de c\u00e9lula abierta<\/strong>. Una tecnolog\u00eda puesta a disposici\u00f3n de tu descanso que permite que el aire circule por su interior, reduciendo la temperatura y generando una agradable sensaci\u00f3n de calidad de sue\u00f1o.<\/li>\n<\/ul>\n<\/li>\n<\/ul>\n<\/div>\n<div class=\"column\">\n<ul>\n<li>5 CM DE GEL ACTIVO\n<ul>\n<li>El Gel espumado en viscoel\u00e1stica es lo \u00faltimo en tecnolog\u00eda del descanso. Se adapta a nuestro peso y forma, aliviando la presi\u00f3n, favoreciendo la circulaci\u00f3n sangu\u00ednea y facilitando la correcta posici\u00f3n durante toda la noche.<\/li>\n<\/ul>\n<\/li>\n<\/ul>\n<ul>\n<li>SISTEMA AIR FRESH\n<ul>\n<li>Espumaci\u00f3n t\u00e9cnica de alta resiliencia que aporta la firmeza precisa a partes del cuerpo de poco peso y volumen, y control de la humedad generada.<\/li>\n<\/ul>\n<\/li>\n<\/ul>\n<\/div>\n<div class=\"column\">\n<ul>\n<li>TEJIDO VISCOSA 300 GRAMOS\n<ul>\n<li>Cuando te tumbas para descansar, es el primer contacto que tiene tu cuerpo con el colch\u00f3n. Y transmite todo lo que LowBed quiere para ti: la suavidad de la viscosa de alta calidad que empleamos y la firmeza que solo busca tu bienestar.<\/li>\n<\/ul>\n<\/li>\n<\/ul>\n<ul>\n<li>SENSISOFT T\u00c9CNICO S\u00daPER SUAVE\n<ul>\n<li>Una espumaci\u00f3n t\u00e9cnica de \u00faltima generaci\u00f3n que combinada con la adaptabilidad de la viscoel\u00e1stica ofrece una sensaci\u00f3n de descanso superior cuando tu cuerpo entra en contacto con el colch\u00f3n. Digamos que es quien te proporciona la primera sensaci\u00f3n de bienestar.<\/li>\n<\/ul>\n<\/li>\n<\/ul>\n<\/div>\n<ul>\n<li>HR CORE\n<ul>\n<li>Es un n\u00facleo de espuma de alta densidad dise\u00f1ada como soporte del colch\u00f3n que te aportar\u00e1 un t\u00e9rmino llamado \u201cresiliencia\u201d, que es la capacidad que tienen los materiales de recuperar su estado original despu\u00e9s de haber sido sometidos a una presi\u00f3n. Para que cada noche, cuando te metas en tu cama, tengas la misma sensaci\u00f3n que el primer d\u00eda, estrena colch\u00f3n cada noche.<\/li>\n<\/ul>\n<\/li>\n<\/ul>\n<ul>\n<li><strong>Altura: 27 cm (+-1cm)<\/strong><\/li>\n<li>Colch\u00f3n BioGel dise\u00f1ado y fabricado en Espa\u00f1a con las mejores materias primas y con los mejores profesionales.<\/li>\n<\/ul>","protected":false},"excerpt":{"rendered":"<p>El colch\u00f3n que te cambiara\u0301 totalmente el concepto del descanso. Tu colch\u00f3n adaptable y fresco<\/p>","protected":false},"featured_media":897,"comment_status":"open","ping_status":"closed","template":"","meta":[],"product_brand":[],"product_cat":[21],"product_tag":[75],"class_list":{"0":"post-490","1":"product","2":"type-product","3":"status-publish","4":"has-post-thumbnail","6":"product_cat-colchones","7":"product_tag-und","9":"first","10":"instock","11":"shipping-taxable","12":"purchasable","13":"product-type-variable"},"yoast_head":"<!-- This site is optimized with the Yoast SEO plugin v27.3 - https:\/\/yoast.com\/product\/yoast-seo-wordpress\/ -->\n<title>Colch\u00f3n BioGel - Nature<\/title>\n<meta name=\"robots\" content=\"index, follow, max-snippet:-1, max-image-preview:large, max-video-preview:-1\" \/>\n<link rel=\"canonical\" href=\"https:\/\/tiendanaturedescanso.com\/eu\/produktua\/producto-59\/\" \/>\n<meta property=\"og:locale\" content=\"en_US\" \/>\n<meta property=\"og:type\" content=\"article\" \/>\n<meta property=\"og:title\" content=\"Colch\u00f3n BioGel - Nature\" \/>\n<meta property=\"og:description\" content=\"El colch\u00f3n que te cambiara\u0301 totalmente el concepto del descanso. Tu colch\u00f3n adaptable y fresco\" \/>\n<meta property=\"og:url\" content=\"https:\/\/tiendanaturedescanso.com\/eu\/produktua\/producto-59\/\" \/>\n<meta property=\"og:site_name\" content=\"Nature\" \/>\n<meta property=\"article:modified_time\" content=\"2025-11-25T10:34:19+00:00\" \/>\n<meta property=\"og:image\" content=\"https:\/\/tiendanaturedescanso.com\/wp-content\/uploads\/2023\/12\/colchon_biogel.jpg\" \/>\n\t<meta property=\"og:image:width\" content=\"1200\" \/>\n\t<meta property=\"og:image:height\" content=\"800\" \/>\n\t<meta property=\"og:image:type\" content=\"image\/jpeg\" \/>\n<meta name=\"twitter:card\" content=\"summary_large_image\" \/>\n<meta name=\"twitter:label1\" content=\"Est. reading time\" \/>\n\t<meta name=\"twitter:data1\" content=\"2 minutua\" \/>\n<script type=\"application\/ld+json\" class=\"yoast-schema-graph\">{\"@context\":\"https:\\\/\\\/schema.org\",\"@graph\":[{\"@type\":\"WebPage\",\"@id\":\"https:\\\/\\\/tiendanaturedescanso.com\\\/producto\\\/producto-59\\\/\",\"url\":\"https:\\\/\\\/tiendanaturedescanso.com\\\/producto\\\/producto-59\\\/\",\"name\":\"Colch\u00f3n BioGel - Nature\",\"isPartOf\":{\"@id\":\"https:\\\/\\\/tiendanaturedescanso.com\\\/#website\"},\"primaryImageOfPage\":{\"@id\":\"https:\\\/\\\/tiendanaturedescanso.com\\\/producto\\\/producto-59\\\/#primaryimage\"},\"image\":{\"@id\":\"https:\\\/\\\/tiendanaturedescanso.com\\\/producto\\\/producto-59\\\/#primaryimage\"},\"thumbnailUrl\":\"https:\\\/\\\/tiendanaturedescanso.com\\\/wp-content\\\/uploads\\\/2023\\\/12\\\/colchon_biogel.jpg\",\"datePublished\":\"2023-12-04T15:43:20+00:00\",\"dateModified\":\"2025-11-25T10:34:19+00:00\",\"breadcrumb\":{\"@id\":\"https:\\\/\\\/tiendanaturedescanso.com\\\/producto\\\/producto-59\\\/#breadcrumb\"},\"inLanguage\":\"eu\",\"potentialAction\":[{\"@type\":\"ReadAction\",\"target\":[\"https:\\\/\\\/tiendanaturedescanso.com\\\/producto\\\/producto-59\\\/\"]}]},{\"@type\":\"ImageObject\",\"inLanguage\":\"eu\",\"@id\":\"https:\\\/\\\/tiendanaturedescanso.com\\\/producto\\\/producto-59\\\/#primaryimage\",\"url\":\"https:\\\/\\\/tiendanaturedescanso.com\\\/wp-content\\\/uploads\\\/2023\\\/12\\\/colchon_biogel.jpg\",\"contentUrl\":\"https:\\\/\\\/tiendanaturedescanso.com\\\/wp-content\\\/uploads\\\/2023\\\/12\\\/colchon_biogel.jpg\",\"width\":1200,\"height\":800,\"caption\":\"Bedroom in contemporary style 3d rendering\"},{\"@type\":\"BreadcrumbList\",\"@id\":\"https:\\\/\\\/tiendanaturedescanso.com\\\/producto\\\/producto-59\\\/#breadcrumb\",\"itemListElement\":[{\"@type\":\"ListItem\",\"position\":1,\"name\":\"Portada\",\"item\":\"https:\\\/\\\/tiendanaturedescanso.com\\\/\"},{\"@type\":\"ListItem\",\"position\":2,\"name\":\"Tienda\",\"item\":\"https:\\\/\\\/tiendanaturedescanso.com\\\/tienda\\\/\"},{\"@type\":\"ListItem\",\"position\":3,\"name\":\"Colch\u00f3n BioGel\"}]},{\"@type\":\"WebSite\",\"@id\":\"https:\\\/\\\/tiendanaturedescanso.com\\\/#website\",\"url\":\"https:\\\/\\\/tiendanaturedescanso.com\\\/\",\"name\":\"Nature\",\"description\":\"Tienda de colchones online con env\u00edo gratis.\",\"publisher\":{\"@id\":\"https:\\\/\\\/tiendanaturedescanso.com\\\/#organization\"},\"potentialAction\":[{\"@type\":\"SearchAction\",\"target\":{\"@type\":\"EntryPoint\",\"urlTemplate\":\"https:\\\/\\\/tiendanaturedescanso.com\\\/?s={search_term_string}\"},\"query-input\":{\"@type\":\"PropertyValueSpecification\",\"valueRequired\":true,\"valueName\":\"search_term_string\"}}],\"inLanguage\":\"eu\"},{\"@type\":\"Organization\",\"@id\":\"https:\\\/\\\/tiendanaturedescanso.com\\\/#organization\",\"name\":\"Nature\",\"url\":\"https:\\\/\\\/tiendanaturedescanso.com\\\/\",\"logo\":{\"@type\":\"ImageObject\",\"inLanguage\":\"eu\",\"@id\":\"https:\\\/\\\/tiendanaturedescanso.com\\\/#\\\/schema\\\/logo\\\/image\\\/\",\"url\":\"https:\\\/\\\/tiendanaturedescanso.com\\\/wp-content\\\/uploads\\\/2023\\\/11\\\/Diseno-sin-titulo.png\",\"contentUrl\":\"https:\\\/\\\/tiendanaturedescanso.com\\\/wp-content\\\/uploads\\\/2023\\\/11\\\/Diseno-sin-titulo.png\",\"width\":500,\"height\":500,\"caption\":\"Nature \"},\"image\":{\"@id\":\"https:\\\/\\\/tiendanaturedescanso.com\\\/#\\\/schema\\\/logo\\\/image\\\/\"}}]}<\/script>\n<!-- \/ Yoast SEO plugin. -->","yoast_head_json":{"title":"Colch\u00f3n BioGel - Nature","robots":{"index":"index","follow":"follow","max-snippet":"max-snippet:-1","max-image-preview":"max-image-preview:large","max-video-preview":"max-video-preview:-1"},"canonical":"https:\/\/tiendanaturedescanso.com\/eu\/produktua\/producto-59\/","og_locale":"en_US","og_type":"article","og_title":"Colch\u00f3n BioGel - Nature","og_description":"El colch\u00f3n que te cambiara\u0301 totalmente el concepto del descanso. Tu colch\u00f3n adaptable y fresco","og_url":"https:\/\/tiendanaturedescanso.com\/eu\/produktua\/producto-59\/","og_site_name":"Nature","article_modified_time":"2025-11-25T10:34:19+00:00","og_image":[{"width":1200,"height":800,"url":"https:\/\/tiendanaturedescanso.com\/wp-content\/uploads\/2023\/12\/colchon_biogel.jpg","type":"image\/jpeg"}],"twitter_card":"summary_large_image","twitter_misc":{"Est. reading time":"2 minutua"},"schema":{"@context":"https:\/\/schema.org","@graph":[{"@type":"WebPage","@id":"https:\/\/tiendanaturedescanso.com\/producto\/producto-59\/","url":"https:\/\/tiendanaturedescanso.com\/producto\/producto-59\/","name":"Colch\u00f3n BioGel - Nature","isPartOf":{"@id":"https:\/\/tiendanaturedescanso.com\/#website"},"primaryImageOfPage":{"@id":"https:\/\/tiendanaturedescanso.com\/producto\/producto-59\/#primaryimage"},"image":{"@id":"https:\/\/tiendanaturedescanso.com\/producto\/producto-59\/#primaryimage"},"thumbnailUrl":"https:\/\/tiendanaturedescanso.com\/wp-content\/uploads\/2023\/12\/colchon_biogel.jpg","datePublished":"2023-12-04T15:43:20+00:00","dateModified":"2025-11-25T10:34:19+00:00","breadcrumb":{"@id":"https:\/\/tiendanaturedescanso.com\/producto\/producto-59\/#breadcrumb"},"inLanguage":"eu","potentialAction":[{"@type":"ReadAction","target":["https:\/\/tiendanaturedescanso.com\/producto\/producto-59\/"]}]},{"@type":"ImageObject","inLanguage":"eu","@id":"https:\/\/tiendanaturedescanso.com\/producto\/producto-59\/#primaryimage","url":"https:\/\/tiendanaturedescanso.com\/wp-content\/uploads\/2023\/12\/colchon_biogel.jpg","contentUrl":"https:\/\/tiendanaturedescanso.com\/wp-content\/uploads\/2023\/12\/colchon_biogel.jpg","width":1200,"height":800,"caption":"Bedroom in contemporary style 3d rendering"},{"@type":"BreadcrumbList","@id":"https:\/\/tiendanaturedescanso.com\/producto\/producto-59\/#breadcrumb","itemListElement":[{"@type":"ListItem","position":1,"name":"Portada","item":"https:\/\/tiendanaturedescanso.com\/"},{"@type":"ListItem","position":2,"name":"Tienda","item":"https:\/\/tiendanaturedescanso.com\/tienda\/"},{"@type":"ListItem","position":3,"name":"Colch\u00f3n BioGel"}]},{"@type":"WebSite","@id":"https:\/\/tiendanaturedescanso.com\/#website","url":"https:\/\/tiendanaturedescanso.com\/","name":"Nature","description":"Tienda de colchones online con env\u00edo gratis.","publisher":{"@id":"https:\/\/tiendanaturedescanso.com\/#organization"},"potentialAction":[{"@type":"SearchAction","target":{"@type":"EntryPoint","urlTemplate":"https:\/\/tiendanaturedescanso.com\/?s={search_term_string}"},"query-input":{"@type":"PropertyValueSpecification","valueRequired":true,"valueName":"search_term_string"}}],"inLanguage":"eu"},{"@type":"Organization","@id":"https:\/\/tiendanaturedescanso.com\/#organization","name":"Nature","url":"https:\/\/tiendanaturedescanso.com\/","logo":{"@type":"ImageObject","inLanguage":"eu","@id":"https:\/\/tiendanaturedescanso.com\/#\/schema\/logo\/image\/","url":"https:\/\/tiendanaturedescanso.com\/wp-content\/uploads\/2023\/11\/Diseno-sin-titulo.png","contentUrl":"https:\/\/tiendanaturedescanso.com\/wp-content\/uploads\/2023\/11\/Diseno-sin-titulo.png","width":500,"height":500,"caption":"Nature "},"image":{"@id":"https:\/\/tiendanaturedescanso.com\/#\/schema\/logo\/image\/"}}]}},"_links":{"self":[{"href":"https:\/\/tiendanaturedescanso.com\/eu\/wp-json\/wp\/v2\/product\/490","targetHints":{"allow":["GET"]}}],"collection":[{"href":"https:\/\/tiendanaturedescanso.com\/eu\/wp-json\/wp\/v2\/product"}],"about":[{"href":"https:\/\/tiendanaturedescanso.com\/eu\/wp-json\/wp\/v2\/types\/product"}],"replies":[{"embeddable":true,"href":"https:\/\/tiendanaturedescanso.com\/eu\/wp-json\/wp\/v2\/comments?post=490"}],"wp:featuredmedia":[{"embeddable":true,"href":"https:\/\/tiendanaturedescanso.com\/eu\/wp-json\/wp\/v2\/media\/897"}],"wp:attachment":[{"href":"https:\/\/tiendanaturedescanso.com\/eu\/wp-json\/wp\/v2\/media?parent=490"}],"wp:term":[{"taxonomy":"product_brand","embeddable":true,"href":"https:\/\/tiendanaturedescanso.com\/eu\/wp-json\/wp\/v2\/product_brand?post=490"},{"taxonomy":"product_cat","embeddable":true,"href":"https:\/\/tiendanaturedescanso.com\/eu\/wp-json\/wp\/v2\/product_cat?post=490"},{"taxonomy":"product_tag","embeddable":true,"href":"https:\/\/tiendanaturedescanso.com\/eu\/wp-json\/wp\/v2\/product_tag?post=490"}],"curies":[{"name":"wp","href":"https:\/\/api.w.org\/{rel}","templated":true}]}}