{"id":489,"date":"2023-12-04T15:43:20","date_gmt":"2023-12-04T15:43:20","guid":{"rendered":"https:\/\/web4.rkinformatika.net\/naturedescanso\/index.php\/producto\/producto-58\/"},"modified":"2023-12-05T12:24:59","modified_gmt":"2023-12-05T12:24:59","slug":"producto-58","status":"publish","type":"product","link":"https:\/\/tiendanaturedescanso.com\/eu\/produktua\/producto-58\/","title":{"rendered":"Colch\u00f3n D900"},"content":{"rendered":"<h2>Colch\u00f3n D900<\/h2>\n<h4>TECNOLOG\u00cdA AL SERVICIO DE TU DESCANSO<\/h4>\n<p>Colch\u00f3n D900 cumple con los esta\u0301ndares ma\u0301s exigentes del mercado en\u00a0<strong>ADAPTABILIDAD, TRANSPIRABILIDAD y FIRMEZA.<\/strong>\u00a0Pocos colchones pueden decir que cuenta con 7 zonas\u00a0de confort al ma\u0301s alto nivel. Pocos colchones pueden decir que cuentan con Viscoela\u0301stica Reticular, el top en viscoela\u0301stica. Pocos colchones pueden decir que son Lowbed.<\/p>\n<p><em>De que\u0301 esta\u0301 hecho tu colcho\u0301n\u2026<\/em><\/p>\n<ul>\n<li>VISCOEL\u00c1STICA RETICULAR 10 CM\n<ul>\n<li>Utilizando un s\u00edmil automovil\u00edstico,\u00a0<strong>es el \u201cFerrari\u201d de la viscoel\u00e1stica.<\/strong>\u00a0Cuenta con 10 cent\u00edmetros de \u201cViscoel\u00e1stica Reticular\u201d de 85 kg de densidad. La \u00fanica viscoel\u00e1stica del mercado en<strong>\u00a0molde con poro abierto<\/strong>. Es la m\u00e1s adaptable de todas las espumaciones y ofrece\u00a0<strong>libre circulaci\u00f3n del aire en su interior<\/strong>.<\/li>\n<\/ul>\n<\/li>\n<\/ul>\n<ul>\n<li>DRY FLEX\n<ul>\n<li>Es un\u00a0<strong>sistema inteligente de gesti\u00f3n de la temperatura<\/strong>\u00a0porque transpira frente a los cambios de temperatura, liberando calor, gracias a la gran elasticidad del caucho en su\u00a0<strong>estructura espiral tridimensional<\/strong>. Si no hay cambio t\u00e9rmico que te haga sudar<strong>\u00a0tu descaso ser\u00e1 uniforme y de calidad.\u00a0<\/strong><\/li>\n<li><em>Dry Flex, simplemente excepcional.<\/em><\/li>\n<\/ul>\n<\/li>\n<\/ul>\n<ul>\n<li>TEJIDO VISCOSA 300 GRAMOS\n<ul>\n<li>Cuando te tumbas para descansar, es el primer contacto que tiene tu cuerpo con el colch\u00f3n. Y transmite todo lo que LowBed quiere para ti:\u00a0<strong>La suavidad de la viscosa 100% natural y de alta calidad que empleamos y la transpirabilidad que solo busca tu bienestar.\u00a0<\/strong><\/li>\n<\/ul>\n<\/li>\n<li>HR CORE\n<ul>\n<li>Un\u00a0<strong>n\u00facleo de espuma de alta densidad<\/strong>\u00a0dise\u00f1ada como soporte del colch\u00f3n que aporta un t\u00e9rmino llamado \u201cresiliencia\u201d que es la capacidad que tienen los materiales de recuperar su estado original despue\u0301s de haber sido sometidos a una presio\u0301n. Para que cada noche, cuando te metes en la cama, tengas la misma sensacio\u0301n del primer di\u0301a, de estrenar colcho\u0301n.<\/li>\n<\/ul>\n<\/li>\n<\/ul>\n<p>&nbsp;<\/p>\n<p><strong>Altura: 28 cm (+-1cm)<\/strong><\/p>\n<p><strong>Firmeza: Media<\/strong><\/p>\n<p><strong>Adaptabilidad y transpirabilidad: Alta<\/strong><\/p>\n<p>Colch\u00f3n D900 dise\u00f1ado y fabricado en Espa\u00f1a con las mejores materias primas.<\/p>\n<p>Que descanses\u2026<\/p>","protected":false},"excerpt":{"rendered":"<p>El descanso m\u00e1s cualitativo del mercado.<\/p>","protected":false},"featured_media":902,"comment_status":"open","ping_status":"closed","template":"","meta":[],"product_brand":[],"product_cat":[21],"product_tag":[75],"class_list":{"0":"post-489","1":"product","2":"type-product","3":"status-publish","4":"has-post-thumbnail","6":"product_cat-colchones","7":"product_tag-und","9":"first","10":"instock","11":"shipping-taxable","12":"purchasable","13":"product-type-variable"},"yoast_head":"<!-- This site is optimized with the Yoast SEO plugin v27.3 - https:\/\/yoast.com\/product\/yoast-seo-wordpress\/ -->\n<title>Colch\u00f3n D900 - Nature<\/title>\n<meta name=\"robots\" content=\"index, follow, max-snippet:-1, max-image-preview:large, max-video-preview:-1\" \/>\n<link rel=\"canonical\" href=\"https:\/\/tiendanaturedescanso.com\/eu\/produktua\/producto-58\/\" \/>\n<meta property=\"og:locale\" content=\"en_US\" \/>\n<meta property=\"og:type\" content=\"article\" \/>\n<meta property=\"og:title\" content=\"Colch\u00f3n D900 - Nature\" \/>\n<meta property=\"og:description\" content=\"El descanso m\u00e1s cualitativo del mercado.\" \/>\n<meta property=\"og:url\" content=\"https:\/\/tiendanaturedescanso.com\/eu\/produktua\/producto-58\/\" \/>\n<meta property=\"og:site_name\" content=\"Nature\" \/>\n<meta property=\"article:modified_time\" content=\"2023-12-05T12:24:59+00:00\" \/>\n<meta property=\"og:image\" content=\"https:\/\/tiendanaturedescanso.com\/wp-content\/uploads\/2023\/12\/colchon_d900.jpg\" \/>\n\t<meta property=\"og:image:width\" content=\"2048\" \/>\n\t<meta property=\"og:image:height\" content=\"1280\" \/>\n\t<meta property=\"og:image:type\" content=\"image\/jpeg\" \/>\n<meta name=\"twitter:card\" content=\"summary_large_image\" \/>\n<meta name=\"twitter:label1\" content=\"Est. reading time\" \/>\n\t<meta name=\"twitter:data1\" content=\"2 minutua\" \/>\n<script type=\"application\/ld+json\" class=\"yoast-schema-graph\">{\"@context\":\"https:\\\/\\\/schema.org\",\"@graph\":[{\"@type\":\"WebPage\",\"@id\":\"https:\\\/\\\/tiendanaturedescanso.com\\\/producto\\\/producto-58\\\/\",\"url\":\"https:\\\/\\\/tiendanaturedescanso.com\\\/producto\\\/producto-58\\\/\",\"name\":\"Colch\u00f3n D900 - Nature\",\"isPartOf\":{\"@id\":\"https:\\\/\\\/tiendanaturedescanso.com\\\/#website\"},\"primaryImageOfPage\":{\"@id\":\"https:\\\/\\\/tiendanaturedescanso.com\\\/producto\\\/producto-58\\\/#primaryimage\"},\"image\":{\"@id\":\"https:\\\/\\\/tiendanaturedescanso.com\\\/producto\\\/producto-58\\\/#primaryimage\"},\"thumbnailUrl\":\"https:\\\/\\\/tiendanaturedescanso.com\\\/wp-content\\\/uploads\\\/2023\\\/12\\\/colchon_d900.jpg\",\"datePublished\":\"2023-12-04T15:43:20+00:00\",\"dateModified\":\"2023-12-05T12:24:59+00:00\",\"breadcrumb\":{\"@id\":\"https:\\\/\\\/tiendanaturedescanso.com\\\/producto\\\/producto-58\\\/#breadcrumb\"},\"inLanguage\":\"eu\",\"potentialAction\":[{\"@type\":\"ReadAction\",\"target\":[\"https:\\\/\\\/tiendanaturedescanso.com\\\/producto\\\/producto-58\\\/\"]}]},{\"@type\":\"ImageObject\",\"inLanguage\":\"eu\",\"@id\":\"https:\\\/\\\/tiendanaturedescanso.com\\\/producto\\\/producto-58\\\/#primaryimage\",\"url\":\"https:\\\/\\\/tiendanaturedescanso.com\\\/wp-content\\\/uploads\\\/2023\\\/12\\\/colchon_d900.jpg\",\"contentUrl\":\"https:\\\/\\\/tiendanaturedescanso.com\\\/wp-content\\\/uploads\\\/2023\\\/12\\\/colchon_d900.jpg\",\"width\":2048,\"height\":1280},{\"@type\":\"BreadcrumbList\",\"@id\":\"https:\\\/\\\/tiendanaturedescanso.com\\\/producto\\\/producto-58\\\/#breadcrumb\",\"itemListElement\":[{\"@type\":\"ListItem\",\"position\":1,\"name\":\"Portada\",\"item\":\"https:\\\/\\\/tiendanaturedescanso.com\\\/\"},{\"@type\":\"ListItem\",\"position\":2,\"name\":\"Tienda\",\"item\":\"https:\\\/\\\/tiendanaturedescanso.com\\\/tienda\\\/\"},{\"@type\":\"ListItem\",\"position\":3,\"name\":\"Colch\u00f3n D900\"}]},{\"@type\":\"WebSite\",\"@id\":\"https:\\\/\\\/tiendanaturedescanso.com\\\/#website\",\"url\":\"https:\\\/\\\/tiendanaturedescanso.com\\\/\",\"name\":\"Nature\",\"description\":\"Tienda de colchones online con env\u00edo gratis.\",\"publisher\":{\"@id\":\"https:\\\/\\\/tiendanaturedescanso.com\\\/#organization\"},\"potentialAction\":[{\"@type\":\"SearchAction\",\"target\":{\"@type\":\"EntryPoint\",\"urlTemplate\":\"https:\\\/\\\/tiendanaturedescanso.com\\\/?s={search_term_string}\"},\"query-input\":{\"@type\":\"PropertyValueSpecification\",\"valueRequired\":true,\"valueName\":\"search_term_string\"}}],\"inLanguage\":\"eu\"},{\"@type\":\"Organization\",\"@id\":\"https:\\\/\\\/tiendanaturedescanso.com\\\/#organization\",\"name\":\"Nature\",\"url\":\"https:\\\/\\\/tiendanaturedescanso.com\\\/\",\"logo\":{\"@type\":\"ImageObject\",\"inLanguage\":\"eu\",\"@id\":\"https:\\\/\\\/tiendanaturedescanso.com\\\/#\\\/schema\\\/logo\\\/image\\\/\",\"url\":\"https:\\\/\\\/tiendanaturedescanso.com\\\/wp-content\\\/uploads\\\/2023\\\/11\\\/Diseno-sin-titulo.png\",\"contentUrl\":\"https:\\\/\\\/tiendanaturedescanso.com\\\/wp-content\\\/uploads\\\/2023\\\/11\\\/Diseno-sin-titulo.png\",\"width\":500,\"height\":500,\"caption\":\"Nature \"},\"image\":{\"@id\":\"https:\\\/\\\/tiendanaturedescanso.com\\\/#\\\/schema\\\/logo\\\/image\\\/\"}}]}<\/script>\n<!-- \/ Yoast SEO plugin. -->","yoast_head_json":{"title":"Colch\u00f3n D900 - Nature","robots":{"index":"index","follow":"follow","max-snippet":"max-snippet:-1","max-image-preview":"max-image-preview:large","max-video-preview":"max-video-preview:-1"},"canonical":"https:\/\/tiendanaturedescanso.com\/eu\/produktua\/producto-58\/","og_locale":"en_US","og_type":"article","og_title":"Colch\u00f3n D900 - Nature","og_description":"El descanso m\u00e1s cualitativo del mercado.","og_url":"https:\/\/tiendanaturedescanso.com\/eu\/produktua\/producto-58\/","og_site_name":"Nature","article_modified_time":"2023-12-05T12:24:59+00:00","og_image":[{"width":2048,"height":1280,"url":"https:\/\/tiendanaturedescanso.com\/wp-content\/uploads\/2023\/12\/colchon_d900.jpg","type":"image\/jpeg"}],"twitter_card":"summary_large_image","twitter_misc":{"Est. reading time":"2 minutua"},"schema":{"@context":"https:\/\/schema.org","@graph":[{"@type":"WebPage","@id":"https:\/\/tiendanaturedescanso.com\/producto\/producto-58\/","url":"https:\/\/tiendanaturedescanso.com\/producto\/producto-58\/","name":"Colch\u00f3n D900 - Nature","isPartOf":{"@id":"https:\/\/tiendanaturedescanso.com\/#website"},"primaryImageOfPage":{"@id":"https:\/\/tiendanaturedescanso.com\/producto\/producto-58\/#primaryimage"},"image":{"@id":"https:\/\/tiendanaturedescanso.com\/producto\/producto-58\/#primaryimage"},"thumbnailUrl":"https:\/\/tiendanaturedescanso.com\/wp-content\/uploads\/2023\/12\/colchon_d900.jpg","datePublished":"2023-12-04T15:43:20+00:00","dateModified":"2023-12-05T12:24:59+00:00","breadcrumb":{"@id":"https:\/\/tiendanaturedescanso.com\/producto\/producto-58\/#breadcrumb"},"inLanguage":"eu","potentialAction":[{"@type":"ReadAction","target":["https:\/\/tiendanaturedescanso.com\/producto\/producto-58\/"]}]},{"@type":"ImageObject","inLanguage":"eu","@id":"https:\/\/tiendanaturedescanso.com\/producto\/producto-58\/#primaryimage","url":"https:\/\/tiendanaturedescanso.com\/wp-content\/uploads\/2023\/12\/colchon_d900.jpg","contentUrl":"https:\/\/tiendanaturedescanso.com\/wp-content\/uploads\/2023\/12\/colchon_d900.jpg","width":2048,"height":1280},{"@type":"BreadcrumbList","@id":"https:\/\/tiendanaturedescanso.com\/producto\/producto-58\/#breadcrumb","itemListElement":[{"@type":"ListItem","position":1,"name":"Portada","item":"https:\/\/tiendanaturedescanso.com\/"},{"@type":"ListItem","position":2,"name":"Tienda","item":"https:\/\/tiendanaturedescanso.com\/tienda\/"},{"@type":"ListItem","position":3,"name":"Colch\u00f3n D900"}]},{"@type":"WebSite","@id":"https:\/\/tiendanaturedescanso.com\/#website","url":"https:\/\/tiendanaturedescanso.com\/","name":"Nature","description":"Tienda de colchones online con env\u00edo gratis.","publisher":{"@id":"https:\/\/tiendanaturedescanso.com\/#organization"},"potentialAction":[{"@type":"SearchAction","target":{"@type":"EntryPoint","urlTemplate":"https:\/\/tiendanaturedescanso.com\/?s={search_term_string}"},"query-input":{"@type":"PropertyValueSpecification","valueRequired":true,"valueName":"search_term_string"}}],"inLanguage":"eu"},{"@type":"Organization","@id":"https:\/\/tiendanaturedescanso.com\/#organization","name":"Nature","url":"https:\/\/tiendanaturedescanso.com\/","logo":{"@type":"ImageObject","inLanguage":"eu","@id":"https:\/\/tiendanaturedescanso.com\/#\/schema\/logo\/image\/","url":"https:\/\/tiendanaturedescanso.com\/wp-content\/uploads\/2023\/11\/Diseno-sin-titulo.png","contentUrl":"https:\/\/tiendanaturedescanso.com\/wp-content\/uploads\/2023\/11\/Diseno-sin-titulo.png","width":500,"height":500,"caption":"Nature "},"image":{"@id":"https:\/\/tiendanaturedescanso.com\/#\/schema\/logo\/image\/"}}]}},"_links":{"self":[{"href":"https:\/\/tiendanaturedescanso.com\/eu\/wp-json\/wp\/v2\/product\/489","targetHints":{"allow":["GET"]}}],"collection":[{"href":"https:\/\/tiendanaturedescanso.com\/eu\/wp-json\/wp\/v2\/product"}],"about":[{"href":"https:\/\/tiendanaturedescanso.com\/eu\/wp-json\/wp\/v2\/types\/product"}],"replies":[{"embeddable":true,"href":"https:\/\/tiendanaturedescanso.com\/eu\/wp-json\/wp\/v2\/comments?post=489"}],"wp:featuredmedia":[{"embeddable":true,"href":"https:\/\/tiendanaturedescanso.com\/eu\/wp-json\/wp\/v2\/media\/902"}],"wp:attachment":[{"href":"https:\/\/tiendanaturedescanso.com\/eu\/wp-json\/wp\/v2\/media?parent=489"}],"wp:term":[{"taxonomy":"product_brand","embeddable":true,"href":"https:\/\/tiendanaturedescanso.com\/eu\/wp-json\/wp\/v2\/product_brand?post=489"},{"taxonomy":"product_cat","embeddable":true,"href":"https:\/\/tiendanaturedescanso.com\/eu\/wp-json\/wp\/v2\/product_cat?post=489"},{"taxonomy":"product_tag","embeddable":true,"href":"https:\/\/tiendanaturedescanso.com\/eu\/wp-json\/wp\/v2\/product_tag?post=489"}],"curies":[{"name":"wp","href":"https:\/\/api.w.org\/{rel}","templated":true}]}}