{"id":488,"date":"2023-12-04T15:43:20","date_gmt":"2023-12-04T15:43:20","guid":{"rendered":"https:\/\/web4.rkinformatika.net\/naturedescanso\/index.php\/producto\/producto-57\/"},"modified":"2023-12-05T12:23:24","modified_gmt":"2023-12-05T12:23:24","slug":"producto-57","status":"publish","type":"product","link":"https:\/\/tiendanaturedescanso.com\/eu\/produktua\/producto-57\/","title":{"rendered":"Colch\u00f3n Sensitive"},"content":{"rendered":"<h2>Colch\u00f3n SENSITIVE<\/h2>\n<h4>EL COLCH\u00d3N DE LAS SENSACIONES<\/h4>\n<div class=\"page\" title=\"Page 2\">\n<div class=\"layoutArea\">\n<div class=\"column\">\n<p>La ergonomi\u0301a del colcho\u0301n SENSITIVE ofrece una firmeza muy agradable gracias a sus 5 zonas de confort diferenciadas controlando tu temperatura corporal y personalizando los puntos de relax de tu cuerpo con firmeza y capacidad de adaptaci\u00f3n.<\/p>\n<p>Cuenta con un nu\u0301cleo perfilado, que es la mejor espumacio\u0301n del mercado actualmente en transpiracio\u0301n, adaptabilidad y durabilidad. Para la adhesio\u0301n de este nu\u0301cleo se ha moldeado una plancha de 10cm de viscola\u0301stica de 80kg\/m3, de esta manera conseguimos mejor contacto corporal con una suavidad extra.<\/p>\n<p><em>De qu\u00e9 est\u00e1 hecho tu colch\u00f3n\u2026<\/em><\/p>\n<ul>\n<li>VISCOEL\u00c1STICA CA (de 80kg de densidad progresiva)\n<ul>\n<li>Construimos tu colch\u00f3n con una intenci\u00f3n: proteger tu espalda y tu descanso diario. Con la viscoel\u00e1stica de c\u00e9lula abierta conseguimos que el aire circule por su interior, reduciendo de esta manera la temperatura y generando una agradable sensaci\u00f3n de calidad de sue\u00f1o. Material exclusivo de LowBed, tecnolog\u00eda puesta a disposici\u00f3n de tu descanso.<\/li>\n<\/ul>\n<\/li>\n<\/ul>\n<\/div>\n<\/div>\n<\/div>\n<div class=\"page\" title=\"Page 2\">\n<div class=\"layoutArea\">\n<div class=\"column\">\n<ul>\n<li>SISTEMA AIR FRESH\n<ul>\n<li>Espumaci\u00f3n t\u00e9cnica de alta resiliencia que aporta la firmeza precisa a partes del cuerpo de poco peso y volumen, adem\u00e1s de un control de la humedad generada.<\/li>\n<\/ul>\n<\/li>\n<\/ul>\n<\/div>\n<div class=\"column\">\n<ul>\n<li>TEJIDO VISCOSA 300 GRAMOS\n<ul>\n<li>Al tumbarte para descansar, ese es el primer contacto que tiene tu cuerpo con el colch\u00f3n. Cuidar de tu piel tambi\u00e9n es nuestra misi\u00f3n, por eso elegimos la suavidad de la viscosa de alta calidad para darte la firmeza que busca tu bienestar.<\/li>\n<\/ul>\n<\/li>\n<\/ul>\n<ul>\n<li>CONO VISCOEL\u00c1STICO DE FORMA HELICOIDAL\n<ul>\n<li>Esa sensaci\u00f3n de que tu colch\u00f3n se adapta a cada forma de tu cuerpo. Eso es este material. Te da la firmeza intermedia con una suave adaptabilidad para las zonas que sobresalen del cuerpo.<\/li>\n<li>Elimina el exceso de temperatura que generas a trav\u00e9s de las corrientes de aire c\u00e1lido que circulan por sus conos internos de viscoel\u00e1stica.<\/li>\n<\/ul>\n<\/li>\n<\/ul>\n<\/div>\n<div class=\"column\">\n<ul>\n<li>HR BLACK CORE\n<ul>\n<li>Este material lo hemos elegido para que cada noche encuentres en tu cama la firmeza que mereces, la que te hace descansar de verdad. Este n\u00facleo est\u00e1 creado para que tu colch\u00f3n no se deforme, en otras palabras, para que obtengas la misma sensaci\u00f3n noche tras noche.<\/li>\n<\/ul>\n<\/li>\n<\/ul>\n<ol>\n<li>Tejido texfan capaz de expulsar la humedad.<\/li>\n<li>5 zonas de confort.<\/li>\n<li>SENSITIVE\u00ae regulacio\u0301n sangui\u0301nea.<\/li>\n<li>Sistema de transpiracio\u0301n AirCore.<\/li>\n<li>Lechos independientes.<\/li>\n<\/ol>\n<p>El colcho\u0301n SENSITIVE se caracteriza por un soporte ligeramente ma\u0301s firme. Notara\u0301 como se amolda y se ajusta inmediatamente al peso de su cuerpo al tumbarse. Este soporte esta creado con un\u00a0nu\u0301cleo HRD de alta densidad.<\/p>\n<p>El sistema de transpiracio\u0301n\u00a0AirCore\u00ae\u00a0junto a su impecable disen\u0303o de poro abierto operan de manera eficiente, generando una transpirabilidad inmejorable.<\/p>\n<p>Lechos independientes.<\/p>\n<p><strong>Altura 25 cm (+-1cm)<\/strong><\/p>\n<\/div>\n<p>Colch\u00f3n Sensitive dise\u00f1ado y fabricado en Espa\u00f1a con las mejores materias primas y de la mano de los mejores profesionales.<\/p>\n<\/div>\n<\/div>","protected":false},"excerpt":{"rendered":"<p>BIENESTAR en may\u00fasculas. El Colch\u00f3n Sensitive es tecnolog\u00eda al servicio de tu descanso.<\/p>","protected":false},"featured_media":926,"comment_status":"open","ping_status":"closed","template":"","meta":[],"product_brand":[],"product_cat":[21],"product_tag":[75],"class_list":{"0":"post-488","1":"product","2":"type-product","3":"status-publish","4":"has-post-thumbnail","6":"product_cat-colchones","7":"product_tag-und","9":"first","10":"instock","11":"shipping-taxable","12":"purchasable","13":"product-type-variable"},"yoast_head":"<!-- This site is optimized with the Yoast SEO plugin v27.3 - https:\/\/yoast.com\/product\/yoast-seo-wordpress\/ -->\n<title>Colch\u00f3n Sensitive - Nature Descanso<\/title>\n<meta name=\"robots\" content=\"index, follow, max-snippet:-1, max-image-preview:large, max-video-preview:-1\" \/>\n<link rel=\"canonical\" href=\"https:\/\/tiendanaturedescanso.com\/eu\/produktua\/producto-57\/\" \/>\n<meta property=\"og:locale\" content=\"en_US\" \/>\n<meta property=\"og:type\" content=\"article\" \/>\n<meta property=\"og:title\" content=\"Colch\u00f3n Sensitive - Nature Descanso\" \/>\n<meta property=\"og:description\" content=\"BIENESTAR en may\u00fasculas. El Colch\u00f3n Sensitive es tecnolog\u00eda al servicio de tu descanso.\" \/>\n<meta property=\"og:url\" content=\"https:\/\/tiendanaturedescanso.com\/eu\/produktua\/producto-57\/\" \/>\n<meta property=\"og:site_name\" content=\"Nature Descanso\" \/>\n<meta property=\"article:modified_time\" content=\"2023-12-05T12:23:24+00:00\" \/>\n<meta property=\"og:image\" content=\"https:\/\/tiendanaturedescanso.com\/wp-content\/uploads\/2023\/12\/colchon_sensitive.jpg\" \/>\n\t<meta property=\"og:image:width\" content=\"1200\" \/>\n\t<meta property=\"og:image:height\" content=\"800\" \/>\n\t<meta property=\"og:image:type\" content=\"image\/jpeg\" \/>\n<meta name=\"twitter:card\" content=\"summary_large_image\" \/>\n<meta name=\"twitter:label1\" content=\"Est. reading time\" \/>\n\t<meta name=\"twitter:data1\" content=\"3 minutua\" \/>\n<script type=\"application\/ld+json\" class=\"yoast-schema-graph\">{\"@context\":\"https:\\\/\\\/schema.org\",\"@graph\":[{\"@type\":\"WebPage\",\"@id\":\"https:\\\/\\\/tiendanaturedescanso.com\\\/producto\\\/producto-57\\\/\",\"url\":\"https:\\\/\\\/tiendanaturedescanso.com\\\/producto\\\/producto-57\\\/\",\"name\":\"Colch\u00f3n Sensitive - Nature Descanso\",\"isPartOf\":{\"@id\":\"https:\\\/\\\/tiendanaturedescanso.com\\\/#website\"},\"primaryImageOfPage\":{\"@id\":\"https:\\\/\\\/tiendanaturedescanso.com\\\/producto\\\/producto-57\\\/#primaryimage\"},\"image\":{\"@id\":\"https:\\\/\\\/tiendanaturedescanso.com\\\/producto\\\/producto-57\\\/#primaryimage\"},\"thumbnailUrl\":\"https:\\\/\\\/tiendanaturedescanso.com\\\/wp-content\\\/uploads\\\/2023\\\/12\\\/colchon_sensitive.jpg\",\"datePublished\":\"2023-12-04T15:43:20+00:00\",\"dateModified\":\"2023-12-05T12:23:24+00:00\",\"breadcrumb\":{\"@id\":\"https:\\\/\\\/tiendanaturedescanso.com\\\/producto\\\/producto-57\\\/#breadcrumb\"},\"inLanguage\":\"eu\",\"potentialAction\":[{\"@type\":\"ReadAction\",\"target\":[\"https:\\\/\\\/tiendanaturedescanso.com\\\/producto\\\/producto-57\\\/\"]}]},{\"@type\":\"ImageObject\",\"inLanguage\":\"eu\",\"@id\":\"https:\\\/\\\/tiendanaturedescanso.com\\\/producto\\\/producto-57\\\/#primaryimage\",\"url\":\"https:\\\/\\\/tiendanaturedescanso.com\\\/wp-content\\\/uploads\\\/2023\\\/12\\\/colchon_sensitive.jpg\",\"contentUrl\":\"https:\\\/\\\/tiendanaturedescanso.com\\\/wp-content\\\/uploads\\\/2023\\\/12\\\/colchon_sensitive.jpg\",\"width\":1200,\"height\":800,\"caption\":\"Dark bedroom interior mockup, wooden rattan bed on empty dark wall background, Scandinavian style, 3d render , 3d illustration\"},{\"@type\":\"BreadcrumbList\",\"@id\":\"https:\\\/\\\/tiendanaturedescanso.com\\\/producto\\\/producto-57\\\/#breadcrumb\",\"itemListElement\":[{\"@type\":\"ListItem\",\"position\":1,\"name\":\"Portada\",\"item\":\"https:\\\/\\\/tiendanaturedescanso.com\\\/\"},{\"@type\":\"ListItem\",\"position\":2,\"name\":\"Tienda\",\"item\":\"https:\\\/\\\/tiendanaturedescanso.com\\\/tienda\\\/\"},{\"@type\":\"ListItem\",\"position\":3,\"name\":\"Colch\u00f3n Sensitive\"}]},{\"@type\":\"WebSite\",\"@id\":\"https:\\\/\\\/tiendanaturedescanso.com\\\/#website\",\"url\":\"https:\\\/\\\/tiendanaturedescanso.com\\\/\",\"name\":\"Nature Descanso\",\"description\":\"Renueva tu descanso\",\"publisher\":{\"@id\":\"https:\\\/\\\/tiendanaturedescanso.com\\\/#organization\"},\"potentialAction\":[{\"@type\":\"SearchAction\",\"target\":{\"@type\":\"EntryPoint\",\"urlTemplate\":\"https:\\\/\\\/tiendanaturedescanso.com\\\/?s={search_term_string}\"},\"query-input\":{\"@type\":\"PropertyValueSpecification\",\"valueRequired\":true,\"valueName\":\"search_term_string\"}}],\"inLanguage\":\"eu\"},{\"@type\":\"Organization\",\"@id\":\"https:\\\/\\\/tiendanaturedescanso.com\\\/#organization\",\"name\":\"Nature Descanso\",\"url\":\"https:\\\/\\\/tiendanaturedescanso.com\\\/\",\"logo\":{\"@type\":\"ImageObject\",\"inLanguage\":\"eu\",\"@id\":\"https:\\\/\\\/tiendanaturedescanso.com\\\/#\\\/schema\\\/logo\\\/image\\\/\",\"url\":\"https:\\\/\\\/tiendanaturedescanso.com\\\/wp-content\\\/uploads\\\/2023\\\/11\\\/Diseno-sin-titulo.png\",\"contentUrl\":\"https:\\\/\\\/tiendanaturedescanso.com\\\/wp-content\\\/uploads\\\/2023\\\/11\\\/Diseno-sin-titulo.png\",\"width\":500,\"height\":500,\"caption\":\"Nature Descanso\"},\"image\":{\"@id\":\"https:\\\/\\\/tiendanaturedescanso.com\\\/#\\\/schema\\\/logo\\\/image\\\/\"}}]}<\/script>\n<!-- \/ Yoast SEO plugin. -->","yoast_head_json":{"title":"Colch\u00f3n Sensitive - Nature Descanso","robots":{"index":"index","follow":"follow","max-snippet":"max-snippet:-1","max-image-preview":"max-image-preview:large","max-video-preview":"max-video-preview:-1"},"canonical":"https:\/\/tiendanaturedescanso.com\/eu\/produktua\/producto-57\/","og_locale":"en_US","og_type":"article","og_title":"Colch\u00f3n Sensitive - Nature Descanso","og_description":"BIENESTAR en may\u00fasculas. El Colch\u00f3n Sensitive es tecnolog\u00eda al servicio de tu descanso.","og_url":"https:\/\/tiendanaturedescanso.com\/eu\/produktua\/producto-57\/","og_site_name":"Nature Descanso","article_modified_time":"2023-12-05T12:23:24+00:00","og_image":[{"width":1200,"height":800,"url":"https:\/\/tiendanaturedescanso.com\/wp-content\/uploads\/2023\/12\/colchon_sensitive.jpg","type":"image\/jpeg"}],"twitter_card":"summary_large_image","twitter_misc":{"Est. reading time":"3 minutua"},"schema":{"@context":"https:\/\/schema.org","@graph":[{"@type":"WebPage","@id":"https:\/\/tiendanaturedescanso.com\/producto\/producto-57\/","url":"https:\/\/tiendanaturedescanso.com\/producto\/producto-57\/","name":"Colch\u00f3n Sensitive - Nature Descanso","isPartOf":{"@id":"https:\/\/tiendanaturedescanso.com\/#website"},"primaryImageOfPage":{"@id":"https:\/\/tiendanaturedescanso.com\/producto\/producto-57\/#primaryimage"},"image":{"@id":"https:\/\/tiendanaturedescanso.com\/producto\/producto-57\/#primaryimage"},"thumbnailUrl":"https:\/\/tiendanaturedescanso.com\/wp-content\/uploads\/2023\/12\/colchon_sensitive.jpg","datePublished":"2023-12-04T15:43:20+00:00","dateModified":"2023-12-05T12:23:24+00:00","breadcrumb":{"@id":"https:\/\/tiendanaturedescanso.com\/producto\/producto-57\/#breadcrumb"},"inLanguage":"eu","potentialAction":[{"@type":"ReadAction","target":["https:\/\/tiendanaturedescanso.com\/producto\/producto-57\/"]}]},{"@type":"ImageObject","inLanguage":"eu","@id":"https:\/\/tiendanaturedescanso.com\/producto\/producto-57\/#primaryimage","url":"https:\/\/tiendanaturedescanso.com\/wp-content\/uploads\/2023\/12\/colchon_sensitive.jpg","contentUrl":"https:\/\/tiendanaturedescanso.com\/wp-content\/uploads\/2023\/12\/colchon_sensitive.jpg","width":1200,"height":800,"caption":"Dark bedroom interior mockup, wooden rattan bed on empty dark wall background, Scandinavian style, 3d render , 3d illustration"},{"@type":"BreadcrumbList","@id":"https:\/\/tiendanaturedescanso.com\/producto\/producto-57\/#breadcrumb","itemListElement":[{"@type":"ListItem","position":1,"name":"Portada","item":"https:\/\/tiendanaturedescanso.com\/"},{"@type":"ListItem","position":2,"name":"Tienda","item":"https:\/\/tiendanaturedescanso.com\/tienda\/"},{"@type":"ListItem","position":3,"name":"Colch\u00f3n Sensitive"}]},{"@type":"WebSite","@id":"https:\/\/tiendanaturedescanso.com\/#website","url":"https:\/\/tiendanaturedescanso.com\/","name":"Nature Descanso","description":"Renueva tu descanso","publisher":{"@id":"https:\/\/tiendanaturedescanso.com\/#organization"},"potentialAction":[{"@type":"SearchAction","target":{"@type":"EntryPoint","urlTemplate":"https:\/\/tiendanaturedescanso.com\/?s={search_term_string}"},"query-input":{"@type":"PropertyValueSpecification","valueRequired":true,"valueName":"search_term_string"}}],"inLanguage":"eu"},{"@type":"Organization","@id":"https:\/\/tiendanaturedescanso.com\/#organization","name":"Nature Descanso","url":"https:\/\/tiendanaturedescanso.com\/","logo":{"@type":"ImageObject","inLanguage":"eu","@id":"https:\/\/tiendanaturedescanso.com\/#\/schema\/logo\/image\/","url":"https:\/\/tiendanaturedescanso.com\/wp-content\/uploads\/2023\/11\/Diseno-sin-titulo.png","contentUrl":"https:\/\/tiendanaturedescanso.com\/wp-content\/uploads\/2023\/11\/Diseno-sin-titulo.png","width":500,"height":500,"caption":"Nature Descanso"},"image":{"@id":"https:\/\/tiendanaturedescanso.com\/#\/schema\/logo\/image\/"}}]}},"_links":{"self":[{"href":"https:\/\/tiendanaturedescanso.com\/eu\/wp-json\/wp\/v2\/product\/488","targetHints":{"allow":["GET"]}}],"collection":[{"href":"https:\/\/tiendanaturedescanso.com\/eu\/wp-json\/wp\/v2\/product"}],"about":[{"href":"https:\/\/tiendanaturedescanso.com\/eu\/wp-json\/wp\/v2\/types\/product"}],"replies":[{"embeddable":true,"href":"https:\/\/tiendanaturedescanso.com\/eu\/wp-json\/wp\/v2\/comments?post=488"}],"wp:featuredmedia":[{"embeddable":true,"href":"https:\/\/tiendanaturedescanso.com\/eu\/wp-json\/wp\/v2\/media\/926"}],"wp:attachment":[{"href":"https:\/\/tiendanaturedescanso.com\/eu\/wp-json\/wp\/v2\/media?parent=488"}],"wp:term":[{"taxonomy":"product_brand","embeddable":true,"href":"https:\/\/tiendanaturedescanso.com\/eu\/wp-json\/wp\/v2\/product_brand?post=488"},{"taxonomy":"product_cat","embeddable":true,"href":"https:\/\/tiendanaturedescanso.com\/eu\/wp-json\/wp\/v2\/product_cat?post=488"},{"taxonomy":"product_tag","embeddable":true,"href":"https:\/\/tiendanaturedescanso.com\/eu\/wp-json\/wp\/v2\/product_tag?post=488"}],"curies":[{"name":"wp","href":"https:\/\/api.w.org\/{rel}","templated":true}]}}