{"id":487,"date":"2023-12-04T15:43:20","date_gmt":"2023-12-04T15:43:20","guid":{"rendered":"https:\/\/web4.rkinformatika.net\/naturedescanso\/index.php\/producto\/producto-56\/"},"modified":"2023-12-05T12:21:49","modified_gmt":"2023-12-05T12:21:49","slug":"producto-56","status":"publish","type":"product","link":"https:\/\/tiendanaturedescanso.com\/eu\/produktua\/producto-56\/","title":{"rendered":"Colch\u00f3n Omega"},"content":{"rendered":"<h2>Colch\u00f3n Omega<\/h2>\n<h4>FIRMEZA EN ESTADO PURO<\/h4>\n<div class=\"page\" title=\"Page 2\">\n<div class=\"layoutArea\">\n<div class=\"column\">\n<p>El Colch\u00f3n Omega tiene soporte dual HR Endurance, una zona suave en los hombros y una zona ma\u0301s firme en la cadera. El uso de viscoelastica FORMADAPT\u00ae de alta densidad le da a este colcho\u0301n una sensacio\u0301n suave y resistente. Un colch\u00f3n capaz de gestionar la temperatura gracias a su sistema DRYTEX\u00ae.<\/p>\n<p>Colch\u00f3n Omega con asegura un descanso c\u00f3modo y una excelente transpirabilidad.<\/p>\n<\/div>\n<\/div>\n<p><em>De qu\u00e9 est\u00e1 hecho tu colch\u00f3n\u2026<\/em><\/p>\n<div class=\"layoutArea\">\n<div class=\"column\">\n<ul>\n<li>N\u00facleo Corefoam\u00ae 19cm \/ 30Kg Alta densidad y resiliencia.<\/li>\n<li>Sobre n\u00facleo DryTex\u00ae 8cm \/ 60kg\n<ul>\n<li>Para resistir d\u00eda tras d\u00eda sin perder sus propiedades ni deformarse. DryTex es una espumaci\u00f3n de alt\u00edsima densidad fabricada con una tecnolog\u00eda de poro abierto y por sistema de moldeado.<\/li>\n<\/ul>\n<\/li>\n<\/ul>\n<ul>\n<li>VISCOEL\u00c1STICA (de 80kg de densidad progresiva)\n<ul>\n<li>Tu cuerpo, tu espalda y la sensaci\u00f3n que tendr\u00e1s cada ma\u00f1ana son las bases para dise\u00f1ar cada colch\u00f3n. Por eso construimos tu colch\u00f3n con un material exclusivo de LowBed: La viscoel\u00e1stica de c\u00e9lula abierta. Tecnolog\u00eda puesta a disposici\u00f3n de tu descanso que permite que el aire circule por su interior, reduciendo as\u00ed la temperatura y generando una agradable sensaci\u00f3n de calidad.<\/li>\n<\/ul>\n<\/li>\n<\/ul>\n<\/div>\n<p>La Viscoel\u00e1stica de c\u00e9lula abierta es un ejemplo m\u00e1s de lo que LowBed quiere para ti.<\/p>\n<\/div>\n<\/div>\n<p>&nbsp;<\/p>\n<div class=\"page\" title=\"Page 2\">\n<div class=\"layoutArea\">\n<div class=\"column\">\n<p><strong>Altura 30 cm (+-1cm)\u00a0<\/strong><\/p>\n<p><strong>Alta Firmeza y Resistencia<\/strong><\/p>\n<p>Colch\u00f3n Omega dise\u00f1ado y fabricado en Espa\u00f1a con las mejores materias primas y de la mano de los mejores profesionales.<\/p>\n<\/div>\n<\/div>\n<\/div>","protected":false},"excerpt":{"rendered":"<p>El colch\u00f3n con m\u00e1s car\u00e1cter del mercado. Resistencia y durabilidad para un descanso de calidad.<\/p>","protected":false},"featured_media":918,"comment_status":"open","ping_status":"closed","template":"","meta":[],"product_brand":[],"product_cat":[21],"product_tag":[75],"class_list":{"0":"post-487","1":"product","2":"type-product","3":"status-publish","4":"has-post-thumbnail","6":"product_cat-colchones","7":"product_tag-und","9":"first","10":"instock","11":"shipping-taxable","12":"purchasable","13":"product-type-variable"},"yoast_head":"<!-- This site is optimized with the Yoast SEO plugin v27.3 - https:\/\/yoast.com\/product\/yoast-seo-wordpress\/ -->\n<title>Colch\u00f3n Omega - Nature<\/title>\n<meta name=\"robots\" content=\"index, follow, max-snippet:-1, max-image-preview:large, max-video-preview:-1\" \/>\n<link rel=\"canonical\" href=\"https:\/\/tiendanaturedescanso.com\/eu\/produktua\/producto-56\/\" \/>\n<meta property=\"og:locale\" content=\"en_US\" \/>\n<meta property=\"og:type\" content=\"article\" \/>\n<meta property=\"og:title\" content=\"Colch\u00f3n Omega - Nature\" \/>\n<meta property=\"og:description\" content=\"El colch\u00f3n con m\u00e1s car\u00e1cter del mercado. Resistencia y durabilidad para un descanso de calidad.\" \/>\n<meta property=\"og:url\" content=\"https:\/\/tiendanaturedescanso.com\/eu\/produktua\/producto-56\/\" \/>\n<meta property=\"og:site_name\" content=\"Nature\" \/>\n<meta property=\"article:modified_time\" content=\"2023-12-05T12:21:49+00:00\" \/>\n<meta property=\"og:image\" content=\"https:\/\/tiendanaturedescanso.com\/wp-content\/uploads\/2023\/12\/colchon_omega.jpg\" \/>\n\t<meta property=\"og:image:width\" content=\"1200\" \/>\n\t<meta property=\"og:image:height\" content=\"801\" \/>\n\t<meta property=\"og:image:type\" content=\"image\/jpeg\" \/>\n<meta name=\"twitter:card\" content=\"summary_large_image\" \/>\n<meta name=\"twitter:label1\" content=\"Est. reading time\" \/>\n\t<meta name=\"twitter:data1\" content=\"2 minutua\" \/>\n<script type=\"application\/ld+json\" class=\"yoast-schema-graph\">{\"@context\":\"https:\\\/\\\/schema.org\",\"@graph\":[{\"@type\":\"WebPage\",\"@id\":\"https:\\\/\\\/tiendanaturedescanso.com\\\/producto\\\/producto-56\\\/\",\"url\":\"https:\\\/\\\/tiendanaturedescanso.com\\\/producto\\\/producto-56\\\/\",\"name\":\"Colch\u00f3n Omega - Nature\",\"isPartOf\":{\"@id\":\"https:\\\/\\\/tiendanaturedescanso.com\\\/#website\"},\"primaryImageOfPage\":{\"@id\":\"https:\\\/\\\/tiendanaturedescanso.com\\\/producto\\\/producto-56\\\/#primaryimage\"},\"image\":{\"@id\":\"https:\\\/\\\/tiendanaturedescanso.com\\\/producto\\\/producto-56\\\/#primaryimage\"},\"thumbnailUrl\":\"https:\\\/\\\/tiendanaturedescanso.com\\\/wp-content\\\/uploads\\\/2023\\\/12\\\/colchon_omega.jpg\",\"datePublished\":\"2023-12-04T15:43:20+00:00\",\"dateModified\":\"2023-12-05T12:21:49+00:00\",\"breadcrumb\":{\"@id\":\"https:\\\/\\\/tiendanaturedescanso.com\\\/producto\\\/producto-56\\\/#breadcrumb\"},\"inLanguage\":\"eu\",\"potentialAction\":[{\"@type\":\"ReadAction\",\"target\":[\"https:\\\/\\\/tiendanaturedescanso.com\\\/producto\\\/producto-56\\\/\"]}]},{\"@type\":\"ImageObject\",\"inLanguage\":\"eu\",\"@id\":\"https:\\\/\\\/tiendanaturedescanso.com\\\/producto\\\/producto-56\\\/#primaryimage\",\"url\":\"https:\\\/\\\/tiendanaturedescanso.com\\\/wp-content\\\/uploads\\\/2023\\\/12\\\/colchon_omega.jpg\",\"contentUrl\":\"https:\\\/\\\/tiendanaturedescanso.com\\\/wp-content\\\/uploads\\\/2023\\\/12\\\/colchon_omega.jpg\",\"width\":1200,\"height\":801},{\"@type\":\"BreadcrumbList\",\"@id\":\"https:\\\/\\\/tiendanaturedescanso.com\\\/producto\\\/producto-56\\\/#breadcrumb\",\"itemListElement\":[{\"@type\":\"ListItem\",\"position\":1,\"name\":\"Portada\",\"item\":\"https:\\\/\\\/tiendanaturedescanso.com\\\/\"},{\"@type\":\"ListItem\",\"position\":2,\"name\":\"Tienda\",\"item\":\"https:\\\/\\\/tiendanaturedescanso.com\\\/tienda\\\/\"},{\"@type\":\"ListItem\",\"position\":3,\"name\":\"Colch\u00f3n Omega\"}]},{\"@type\":\"WebSite\",\"@id\":\"https:\\\/\\\/tiendanaturedescanso.com\\\/#website\",\"url\":\"https:\\\/\\\/tiendanaturedescanso.com\\\/\",\"name\":\"Nature\",\"description\":\"Tienda de colchones online con env\u00edo gratis.\",\"publisher\":{\"@id\":\"https:\\\/\\\/tiendanaturedescanso.com\\\/#organization\"},\"potentialAction\":[{\"@type\":\"SearchAction\",\"target\":{\"@type\":\"EntryPoint\",\"urlTemplate\":\"https:\\\/\\\/tiendanaturedescanso.com\\\/?s={search_term_string}\"},\"query-input\":{\"@type\":\"PropertyValueSpecification\",\"valueRequired\":true,\"valueName\":\"search_term_string\"}}],\"inLanguage\":\"eu\"},{\"@type\":\"Organization\",\"@id\":\"https:\\\/\\\/tiendanaturedescanso.com\\\/#organization\",\"name\":\"Nature\",\"url\":\"https:\\\/\\\/tiendanaturedescanso.com\\\/\",\"logo\":{\"@type\":\"ImageObject\",\"inLanguage\":\"eu\",\"@id\":\"https:\\\/\\\/tiendanaturedescanso.com\\\/#\\\/schema\\\/logo\\\/image\\\/\",\"url\":\"https:\\\/\\\/tiendanaturedescanso.com\\\/wp-content\\\/uploads\\\/2023\\\/11\\\/Diseno-sin-titulo.png\",\"contentUrl\":\"https:\\\/\\\/tiendanaturedescanso.com\\\/wp-content\\\/uploads\\\/2023\\\/11\\\/Diseno-sin-titulo.png\",\"width\":500,\"height\":500,\"caption\":\"Nature \"},\"image\":{\"@id\":\"https:\\\/\\\/tiendanaturedescanso.com\\\/#\\\/schema\\\/logo\\\/image\\\/\"}}]}<\/script>\n<!-- \/ Yoast SEO plugin. -->","yoast_head_json":{"title":"Colch\u00f3n Omega - Nature","robots":{"index":"index","follow":"follow","max-snippet":"max-snippet:-1","max-image-preview":"max-image-preview:large","max-video-preview":"max-video-preview:-1"},"canonical":"https:\/\/tiendanaturedescanso.com\/eu\/produktua\/producto-56\/","og_locale":"en_US","og_type":"article","og_title":"Colch\u00f3n Omega - Nature","og_description":"El colch\u00f3n con m\u00e1s car\u00e1cter del mercado. Resistencia y durabilidad para un descanso de calidad.","og_url":"https:\/\/tiendanaturedescanso.com\/eu\/produktua\/producto-56\/","og_site_name":"Nature","article_modified_time":"2023-12-05T12:21:49+00:00","og_image":[{"width":1200,"height":801,"url":"https:\/\/tiendanaturedescanso.com\/wp-content\/uploads\/2023\/12\/colchon_omega.jpg","type":"image\/jpeg"}],"twitter_card":"summary_large_image","twitter_misc":{"Est. reading time":"2 minutua"},"schema":{"@context":"https:\/\/schema.org","@graph":[{"@type":"WebPage","@id":"https:\/\/tiendanaturedescanso.com\/producto\/producto-56\/","url":"https:\/\/tiendanaturedescanso.com\/producto\/producto-56\/","name":"Colch\u00f3n Omega - Nature","isPartOf":{"@id":"https:\/\/tiendanaturedescanso.com\/#website"},"primaryImageOfPage":{"@id":"https:\/\/tiendanaturedescanso.com\/producto\/producto-56\/#primaryimage"},"image":{"@id":"https:\/\/tiendanaturedescanso.com\/producto\/producto-56\/#primaryimage"},"thumbnailUrl":"https:\/\/tiendanaturedescanso.com\/wp-content\/uploads\/2023\/12\/colchon_omega.jpg","datePublished":"2023-12-04T15:43:20+00:00","dateModified":"2023-12-05T12:21:49+00:00","breadcrumb":{"@id":"https:\/\/tiendanaturedescanso.com\/producto\/producto-56\/#breadcrumb"},"inLanguage":"eu","potentialAction":[{"@type":"ReadAction","target":["https:\/\/tiendanaturedescanso.com\/producto\/producto-56\/"]}]},{"@type":"ImageObject","inLanguage":"eu","@id":"https:\/\/tiendanaturedescanso.com\/producto\/producto-56\/#primaryimage","url":"https:\/\/tiendanaturedescanso.com\/wp-content\/uploads\/2023\/12\/colchon_omega.jpg","contentUrl":"https:\/\/tiendanaturedescanso.com\/wp-content\/uploads\/2023\/12\/colchon_omega.jpg","width":1200,"height":801},{"@type":"BreadcrumbList","@id":"https:\/\/tiendanaturedescanso.com\/producto\/producto-56\/#breadcrumb","itemListElement":[{"@type":"ListItem","position":1,"name":"Portada","item":"https:\/\/tiendanaturedescanso.com\/"},{"@type":"ListItem","position":2,"name":"Tienda","item":"https:\/\/tiendanaturedescanso.com\/tienda\/"},{"@type":"ListItem","position":3,"name":"Colch\u00f3n Omega"}]},{"@type":"WebSite","@id":"https:\/\/tiendanaturedescanso.com\/#website","url":"https:\/\/tiendanaturedescanso.com\/","name":"Nature","description":"Tienda de colchones online con env\u00edo gratis.","publisher":{"@id":"https:\/\/tiendanaturedescanso.com\/#organization"},"potentialAction":[{"@type":"SearchAction","target":{"@type":"EntryPoint","urlTemplate":"https:\/\/tiendanaturedescanso.com\/?s={search_term_string}"},"query-input":{"@type":"PropertyValueSpecification","valueRequired":true,"valueName":"search_term_string"}}],"inLanguage":"eu"},{"@type":"Organization","@id":"https:\/\/tiendanaturedescanso.com\/#organization","name":"Nature","url":"https:\/\/tiendanaturedescanso.com\/","logo":{"@type":"ImageObject","inLanguage":"eu","@id":"https:\/\/tiendanaturedescanso.com\/#\/schema\/logo\/image\/","url":"https:\/\/tiendanaturedescanso.com\/wp-content\/uploads\/2023\/11\/Diseno-sin-titulo.png","contentUrl":"https:\/\/tiendanaturedescanso.com\/wp-content\/uploads\/2023\/11\/Diseno-sin-titulo.png","width":500,"height":500,"caption":"Nature "},"image":{"@id":"https:\/\/tiendanaturedescanso.com\/#\/schema\/logo\/image\/"}}]}},"_links":{"self":[{"href":"https:\/\/tiendanaturedescanso.com\/eu\/wp-json\/wp\/v2\/product\/487","targetHints":{"allow":["GET"]}}],"collection":[{"href":"https:\/\/tiendanaturedescanso.com\/eu\/wp-json\/wp\/v2\/product"}],"about":[{"href":"https:\/\/tiendanaturedescanso.com\/eu\/wp-json\/wp\/v2\/types\/product"}],"replies":[{"embeddable":true,"href":"https:\/\/tiendanaturedescanso.com\/eu\/wp-json\/wp\/v2\/comments?post=487"}],"wp:featuredmedia":[{"embeddable":true,"href":"https:\/\/tiendanaturedescanso.com\/eu\/wp-json\/wp\/v2\/media\/918"}],"wp:attachment":[{"href":"https:\/\/tiendanaturedescanso.com\/eu\/wp-json\/wp\/v2\/media?parent=487"}],"wp:term":[{"taxonomy":"product_brand","embeddable":true,"href":"https:\/\/tiendanaturedescanso.com\/eu\/wp-json\/wp\/v2\/product_brand?post=487"},{"taxonomy":"product_cat","embeddable":true,"href":"https:\/\/tiendanaturedescanso.com\/eu\/wp-json\/wp\/v2\/product_cat?post=487"},{"taxonomy":"product_tag","embeddable":true,"href":"https:\/\/tiendanaturedescanso.com\/eu\/wp-json\/wp\/v2\/product_tag?post=487"}],"curies":[{"name":"wp","href":"https:\/\/api.w.org\/{rel}","templated":true}]}}