{"id":485,"date":"2023-12-04T15:43:20","date_gmt":"2023-12-04T15:43:20","guid":{"rendered":"https:\/\/web4.rkinformatika.net\/naturedescanso\/index.php\/producto\/producto-54\/"},"modified":"2023-12-05T12:17:15","modified_gmt":"2023-12-05T12:17:15","slug":"producto-54","status":"publish","type":"product","link":"https:\/\/tiendanaturedescanso.com\/eu\/produktua\/producto-54\/","title":{"rendered":"Colch\u00f3n Dynamic"},"content":{"rendered":"<h2>Colch\u00f3n Dynamic<\/h2>\n<h4>FIRMEZA EXTRA<\/h4>\n<p>\u00bfSabes esa sensaci\u00f3n de meterte en la cama y que tu colch\u00f3n se adapte a ti como si lo estrenases cada noche?<\/p>\n<p>Eso es el Colch\u00f3n DYNAMIC. Un colch\u00f3n de altas sensaciones de descanso y alta durabilidad al que le da igual tu peso porque responde de manera firme. La idea es cuidar cada hora de tu sue\u00f1o.<\/p>\n<div class=\"page\" title=\"Page 2\">\n<div class=\"layoutArea\">\n<div class=\"column\">\n<p>Su resistencia es capaz de aguantar diferentes tipos de pesos, generando una adaptabilidad u\u0301nica. Su interior formado por un nu\u0301cleo de carbono actu\u0301a como un excelente inhibidor de olores y humedades. La\u00a0accio\u0301n anti-stress\u00a0de sus 8cm de viscoela\u0301stica perfilada alivia tu presio\u0301n corporal, optimizando aun ma\u0301s el descanso.<\/p>\n<p><em>De qu\u00e9 est\u00e1 hecho tu colch\u00f3n\u2026<\/em><\/p>\n<ul>\n<li>VISCOEL\u00c1STICA CA 8 CM\n<ul>\n<li>Pensamos en tu cuerpo, en tu espalda, en la sensaci\u00f3n que tendr\u00e1s cada ma\u00f1ana. Por eso dise\u00f1amos tu colch\u00f3n con un material exclusivo LowBed: la Viscoel\u00e1stica de c\u00e9lula abierta. Tecnolog\u00eda puesta a disposici\u00f3n de tu descanso que permite que el aire circule por su interior, reduciendo la temperatura y generando una agradable sensaci\u00f3n de calidad de sue\u00f1o.<\/li>\n<li>La\u00a0<strong>Viscoel\u00e1stica de c\u00e9lula abierta es un ejemplo m\u00e1s de lo que LowBed quiere para ti.<\/strong><\/li>\n<\/ul>\n<\/li>\n<\/ul>\n<ul>\n<li>TEJIDO VISCOSA 300 GRAMOS\n<ul>\n<li>Cuando te tumbas en tu cama, es el primer contacto que tiene tu cuerpo con tu colch\u00f3n. Por eso incorporamos a tu colch\u00f3n la suavidad de la viscosa de alta calidad y la firmeza que solo busca tu bienestar.<\/li>\n<\/ul>\n<\/li>\n<\/ul>\n<ul>\n<li>HR BLACK CORE\n<ul>\n<li>Este material lo hemos elegido para que cada noche encuentres en tu cama la firmeza que mereces, la que te hace descansar de verdad. Este n\u00facleo est\u00e1 elegido y creado para que tu colch\u00f3n no se deforme, para que obtengas la misma sensaci\u00f3n cada noche. El n\u00facleo ergon\u00f3mico del Colch\u00f3n Dynamic est\u00e1 asim\u00e9tricamente dise\u00f1ado y dividido en 4 zonas diferentes:\n<ul>\n<li>Zonas m\u00e1s firmes en las caderas y lumbares<\/li>\n<li>Zona m\u00e1s blanda en la cabeza y piernas<\/li>\n<\/ul>\n<\/li>\n<\/ul>\n<\/li>\n<\/ul>\n<p>CARACTERI\u0301STICAS<\/p>\n<ul>\n<li>Tejido texfan\u00ae capaz de expulsar la humedad<\/li>\n<li>4 zonas de confort<\/li>\n<li>Nu\u0301cleo CarbonoCore\u00ae<\/li>\n<li>Transpirabilidad Alta<\/li>\n<\/ul>\n<\/div>\n<\/div>\n<\/div>","protected":false},"excerpt":{"rendered":"<p>Lo importante est\u00e1 en el interior. Tu colch\u00f3n 100% espa\u00f1ol. Fabricado para ti.<\/p>","protected":false},"featured_media":906,"comment_status":"open","ping_status":"closed","template":"","meta":[],"product_brand":[],"product_cat":[21],"product_tag":[75],"class_list":{"0":"post-485","1":"product","2":"type-product","3":"status-publish","4":"has-post-thumbnail","6":"product_cat-colchones","7":"product_tag-und","9":"first","10":"instock","11":"shipping-taxable","12":"purchasable","13":"product-type-variable"},"yoast_head":"<!-- This site is optimized with the Yoast SEO plugin v27.3 - https:\/\/yoast.com\/product\/yoast-seo-wordpress\/ -->\n<title>Colch\u00f3n Dynamic - Nature Descanso<\/title>\n<meta name=\"robots\" content=\"index, follow, max-snippet:-1, max-image-preview:large, max-video-preview:-1\" \/>\n<link rel=\"canonical\" href=\"https:\/\/tiendanaturedescanso.com\/eu\/produktua\/producto-54\/\" \/>\n<meta property=\"og:locale\" content=\"en_US\" \/>\n<meta property=\"og:type\" content=\"article\" \/>\n<meta property=\"og:title\" content=\"Colch\u00f3n Dynamic - Nature Descanso\" \/>\n<meta property=\"og:description\" content=\"Lo importante est\u00e1 en el interior. Tu colch\u00f3n 100% espa\u00f1ol. Fabricado para ti.\" \/>\n<meta property=\"og:url\" content=\"https:\/\/tiendanaturedescanso.com\/eu\/produktua\/producto-54\/\" \/>\n<meta property=\"og:site_name\" content=\"Nature Descanso\" \/>\n<meta property=\"article:modified_time\" content=\"2023-12-05T12:17:15+00:00\" \/>\n<meta property=\"og:image\" content=\"https:\/\/tiendanaturedescanso.com\/wp-content\/uploads\/2023\/12\/colchon_dynamic.jpg\" \/>\n\t<meta property=\"og:image:width\" content=\"1200\" \/>\n\t<meta property=\"og:image:height\" content=\"800\" \/>\n\t<meta property=\"og:image:type\" content=\"image\/jpeg\" \/>\n<meta name=\"twitter:card\" content=\"summary_large_image\" \/>\n<meta name=\"twitter:label1\" content=\"Est. reading time\" \/>\n\t<meta name=\"twitter:data1\" content=\"2 minutua\" \/>\n<script type=\"application\/ld+json\" class=\"yoast-schema-graph\">{\"@context\":\"https:\\\/\\\/schema.org\",\"@graph\":[{\"@type\":\"WebPage\",\"@id\":\"https:\\\/\\\/tiendanaturedescanso.com\\\/producto\\\/producto-54\\\/\",\"url\":\"https:\\\/\\\/tiendanaturedescanso.com\\\/producto\\\/producto-54\\\/\",\"name\":\"Colch\u00f3n Dynamic - Nature Descanso\",\"isPartOf\":{\"@id\":\"https:\\\/\\\/tiendanaturedescanso.com\\\/#website\"},\"primaryImageOfPage\":{\"@id\":\"https:\\\/\\\/tiendanaturedescanso.com\\\/producto\\\/producto-54\\\/#primaryimage\"},\"image\":{\"@id\":\"https:\\\/\\\/tiendanaturedescanso.com\\\/producto\\\/producto-54\\\/#primaryimage\"},\"thumbnailUrl\":\"https:\\\/\\\/tiendanaturedescanso.com\\\/wp-content\\\/uploads\\\/2023\\\/12\\\/colchon_dynamic.jpg\",\"datePublished\":\"2023-12-04T15:43:20+00:00\",\"dateModified\":\"2023-12-05T12:17:15+00:00\",\"breadcrumb\":{\"@id\":\"https:\\\/\\\/tiendanaturedescanso.com\\\/producto\\\/producto-54\\\/#breadcrumb\"},\"inLanguage\":\"eu\",\"potentialAction\":[{\"@type\":\"ReadAction\",\"target\":[\"https:\\\/\\\/tiendanaturedescanso.com\\\/producto\\\/producto-54\\\/\"]}]},{\"@type\":\"ImageObject\",\"inLanguage\":\"eu\",\"@id\":\"https:\\\/\\\/tiendanaturedescanso.com\\\/producto\\\/producto-54\\\/#primaryimage\",\"url\":\"https:\\\/\\\/tiendanaturedescanso.com\\\/wp-content\\\/uploads\\\/2023\\\/12\\\/colchon_dynamic.jpg\",\"contentUrl\":\"https:\\\/\\\/tiendanaturedescanso.com\\\/wp-content\\\/uploads\\\/2023\\\/12\\\/colchon_dynamic.jpg\",\"width\":1200,\"height\":800,\"caption\":\"A studio shot of a bed without mattress\"},{\"@type\":\"BreadcrumbList\",\"@id\":\"https:\\\/\\\/tiendanaturedescanso.com\\\/producto\\\/producto-54\\\/#breadcrumb\",\"itemListElement\":[{\"@type\":\"ListItem\",\"position\":1,\"name\":\"Portada\",\"item\":\"https:\\\/\\\/tiendanaturedescanso.com\\\/\"},{\"@type\":\"ListItem\",\"position\":2,\"name\":\"Tienda\",\"item\":\"https:\\\/\\\/tiendanaturedescanso.com\\\/tienda\\\/\"},{\"@type\":\"ListItem\",\"position\":3,\"name\":\"Colch\u00f3n Dynamic\"}]},{\"@type\":\"WebSite\",\"@id\":\"https:\\\/\\\/tiendanaturedescanso.com\\\/#website\",\"url\":\"https:\\\/\\\/tiendanaturedescanso.com\\\/\",\"name\":\"Nature Descanso\",\"description\":\"Renueva tu descanso\",\"publisher\":{\"@id\":\"https:\\\/\\\/tiendanaturedescanso.com\\\/#organization\"},\"potentialAction\":[{\"@type\":\"SearchAction\",\"target\":{\"@type\":\"EntryPoint\",\"urlTemplate\":\"https:\\\/\\\/tiendanaturedescanso.com\\\/?s={search_term_string}\"},\"query-input\":{\"@type\":\"PropertyValueSpecification\",\"valueRequired\":true,\"valueName\":\"search_term_string\"}}],\"inLanguage\":\"eu\"},{\"@type\":\"Organization\",\"@id\":\"https:\\\/\\\/tiendanaturedescanso.com\\\/#organization\",\"name\":\"Nature Descanso\",\"url\":\"https:\\\/\\\/tiendanaturedescanso.com\\\/\",\"logo\":{\"@type\":\"ImageObject\",\"inLanguage\":\"eu\",\"@id\":\"https:\\\/\\\/tiendanaturedescanso.com\\\/#\\\/schema\\\/logo\\\/image\\\/\",\"url\":\"https:\\\/\\\/tiendanaturedescanso.com\\\/wp-content\\\/uploads\\\/2023\\\/11\\\/Diseno-sin-titulo.png\",\"contentUrl\":\"https:\\\/\\\/tiendanaturedescanso.com\\\/wp-content\\\/uploads\\\/2023\\\/11\\\/Diseno-sin-titulo.png\",\"width\":500,\"height\":500,\"caption\":\"Nature Descanso\"},\"image\":{\"@id\":\"https:\\\/\\\/tiendanaturedescanso.com\\\/#\\\/schema\\\/logo\\\/image\\\/\"}}]}<\/script>\n<!-- \/ Yoast SEO plugin. -->","yoast_head_json":{"title":"Colch\u00f3n Dynamic - Nature Descanso","robots":{"index":"index","follow":"follow","max-snippet":"max-snippet:-1","max-image-preview":"max-image-preview:large","max-video-preview":"max-video-preview:-1"},"canonical":"https:\/\/tiendanaturedescanso.com\/eu\/produktua\/producto-54\/","og_locale":"en_US","og_type":"article","og_title":"Colch\u00f3n Dynamic - Nature Descanso","og_description":"Lo importante est\u00e1 en el interior. Tu colch\u00f3n 100% espa\u00f1ol. Fabricado para ti.","og_url":"https:\/\/tiendanaturedescanso.com\/eu\/produktua\/producto-54\/","og_site_name":"Nature Descanso","article_modified_time":"2023-12-05T12:17:15+00:00","og_image":[{"width":1200,"height":800,"url":"https:\/\/tiendanaturedescanso.com\/wp-content\/uploads\/2023\/12\/colchon_dynamic.jpg","type":"image\/jpeg"}],"twitter_card":"summary_large_image","twitter_misc":{"Est. reading time":"2 minutua"},"schema":{"@context":"https:\/\/schema.org","@graph":[{"@type":"WebPage","@id":"https:\/\/tiendanaturedescanso.com\/producto\/producto-54\/","url":"https:\/\/tiendanaturedescanso.com\/producto\/producto-54\/","name":"Colch\u00f3n Dynamic - Nature Descanso","isPartOf":{"@id":"https:\/\/tiendanaturedescanso.com\/#website"},"primaryImageOfPage":{"@id":"https:\/\/tiendanaturedescanso.com\/producto\/producto-54\/#primaryimage"},"image":{"@id":"https:\/\/tiendanaturedescanso.com\/producto\/producto-54\/#primaryimage"},"thumbnailUrl":"https:\/\/tiendanaturedescanso.com\/wp-content\/uploads\/2023\/12\/colchon_dynamic.jpg","datePublished":"2023-12-04T15:43:20+00:00","dateModified":"2023-12-05T12:17:15+00:00","breadcrumb":{"@id":"https:\/\/tiendanaturedescanso.com\/producto\/producto-54\/#breadcrumb"},"inLanguage":"eu","potentialAction":[{"@type":"ReadAction","target":["https:\/\/tiendanaturedescanso.com\/producto\/producto-54\/"]}]},{"@type":"ImageObject","inLanguage":"eu","@id":"https:\/\/tiendanaturedescanso.com\/producto\/producto-54\/#primaryimage","url":"https:\/\/tiendanaturedescanso.com\/wp-content\/uploads\/2023\/12\/colchon_dynamic.jpg","contentUrl":"https:\/\/tiendanaturedescanso.com\/wp-content\/uploads\/2023\/12\/colchon_dynamic.jpg","width":1200,"height":800,"caption":"A studio shot of a bed without mattress"},{"@type":"BreadcrumbList","@id":"https:\/\/tiendanaturedescanso.com\/producto\/producto-54\/#breadcrumb","itemListElement":[{"@type":"ListItem","position":1,"name":"Portada","item":"https:\/\/tiendanaturedescanso.com\/"},{"@type":"ListItem","position":2,"name":"Tienda","item":"https:\/\/tiendanaturedescanso.com\/tienda\/"},{"@type":"ListItem","position":3,"name":"Colch\u00f3n Dynamic"}]},{"@type":"WebSite","@id":"https:\/\/tiendanaturedescanso.com\/#website","url":"https:\/\/tiendanaturedescanso.com\/","name":"Nature Descanso","description":"Renueva tu descanso","publisher":{"@id":"https:\/\/tiendanaturedescanso.com\/#organization"},"potentialAction":[{"@type":"SearchAction","target":{"@type":"EntryPoint","urlTemplate":"https:\/\/tiendanaturedescanso.com\/?s={search_term_string}"},"query-input":{"@type":"PropertyValueSpecification","valueRequired":true,"valueName":"search_term_string"}}],"inLanguage":"eu"},{"@type":"Organization","@id":"https:\/\/tiendanaturedescanso.com\/#organization","name":"Nature Descanso","url":"https:\/\/tiendanaturedescanso.com\/","logo":{"@type":"ImageObject","inLanguage":"eu","@id":"https:\/\/tiendanaturedescanso.com\/#\/schema\/logo\/image\/","url":"https:\/\/tiendanaturedescanso.com\/wp-content\/uploads\/2023\/11\/Diseno-sin-titulo.png","contentUrl":"https:\/\/tiendanaturedescanso.com\/wp-content\/uploads\/2023\/11\/Diseno-sin-titulo.png","width":500,"height":500,"caption":"Nature Descanso"},"image":{"@id":"https:\/\/tiendanaturedescanso.com\/#\/schema\/logo\/image\/"}}]}},"_links":{"self":[{"href":"https:\/\/tiendanaturedescanso.com\/eu\/wp-json\/wp\/v2\/product\/485","targetHints":{"allow":["GET"]}}],"collection":[{"href":"https:\/\/tiendanaturedescanso.com\/eu\/wp-json\/wp\/v2\/product"}],"about":[{"href":"https:\/\/tiendanaturedescanso.com\/eu\/wp-json\/wp\/v2\/types\/product"}],"replies":[{"embeddable":true,"href":"https:\/\/tiendanaturedescanso.com\/eu\/wp-json\/wp\/v2\/comments?post=485"}],"wp:featuredmedia":[{"embeddable":true,"href":"https:\/\/tiendanaturedescanso.com\/eu\/wp-json\/wp\/v2\/media\/906"}],"wp:attachment":[{"href":"https:\/\/tiendanaturedescanso.com\/eu\/wp-json\/wp\/v2\/media?parent=485"}],"wp:term":[{"taxonomy":"product_brand","embeddable":true,"href":"https:\/\/tiendanaturedescanso.com\/eu\/wp-json\/wp\/v2\/product_brand?post=485"},{"taxonomy":"product_cat","embeddable":true,"href":"https:\/\/tiendanaturedescanso.com\/eu\/wp-json\/wp\/v2\/product_cat?post=485"},{"taxonomy":"product_tag","embeddable":true,"href":"https:\/\/tiendanaturedescanso.com\/eu\/wp-json\/wp\/v2\/product_tag?post=485"}],"curies":[{"name":"wp","href":"https:\/\/api.w.org\/{rel}","templated":true}]}}