{"id":481,"date":"2023-12-04T15:43:19","date_gmt":"2023-12-04T15:43:19","guid":{"rendered":"https:\/\/web4.rkinformatika.net\/naturedescanso\/index.php\/producto\/producto-50\/"},"modified":"2023-12-05T12:01:17","modified_gmt":"2023-12-05T12:01:17","slug":"producto-50","status":"publish","type":"product","link":"https:\/\/tiendanaturedescanso.com\/eu\/produktua\/producto-50\/","title":{"rendered":"Colch\u00f3n R21"},"content":{"rendered":"<h2>Colch\u00f3n R21<\/h2>\n<h4>FIRMEZA<\/h4>\n<div class=\"page\" title=\"Page 2\">\n<div class=\"layoutArea\">\n<div class=\"column\">\n<p>\u00bfSabes esa sensaci\u00f3n de meterte en la cama y solo tener sensaciones agradables? Eso es el colch\u00f3n R21 es un suave y acogedor colch\u00f3n de viscoel\u00e1stica que cuenta con todos los avances tecnol\u00f3gicos de descanso.<\/p>\n<p><em>De qu\u00e9 est\u00e1 hecho tu colch\u00f3n\u2026<\/em><\/p>\n<ul>\n<li>Tejido viscosa 300grs que te transmite todo lo que LowBed quiere para ti: la suavidad de la viscosa de alta calidad que empleamos y la firmeza que solo busca tu bienestar.<\/li>\n<\/ul>\n<\/div>\n<div class=\"column\">\n<ul>\n<li>Viscoel\u00e1stica CA\u00ae CA es C\u00e9lula Abierta. Una tecnolog\u00eda puesta a disposici\u00f3n de tu descanso que permite que el aire circule por su interior, reduciendo la temperatura y generando una agradable sensaci\u00f3n de calidad de sue\u00f1o.<\/li>\n<\/ul>\n<\/div>\n<div class=\"column\">\n<ul>\n<li>Nu\u0301cleo HRCore\u00ae El n\u00facleo del colch\u00f3n que har\u00e1 que cada noche, tengas la misma sensaci\u00f3n que el primer d\u00eda de estrenar colch\u00f3n. Un n\u00facleo de espuma de alta calidad dise\u00f1ada como soporte del colch\u00f3n que aporta un t\u00e9rmino llamado \u201cresiliencia\u201d, que es la capacidad que tienen los materiales de recuperar su estado original despu\u00e9s de haber sido sometidos a una presi\u00f3n.<\/li>\n<\/ul>\n<p>&nbsp;<\/p>\n<p><strong>Altura: 21 cm<\/strong><\/p>\n<\/div>\n<p>Dise\u00f1o: Colch\u00f3n R21 est\u00e1 dise\u00f1ado y fabricado en Espa\u00f1a con las mejores materias primas y por los mejores profesionales.<\/p>\n<\/div>\n<p>Que descanses\u2026<\/p>\n<\/div>","protected":false},"excerpt":{"rendered":"<p>Colch\u00f3n R21 FIRMEZA \u00bfSabes esa sensaci\u00f3n de meterte en la cama y solo tener sensaciones agradables? Eso es el colch\u00f3n R21 es un suave y acogedor colch\u00f3n de viscoel\u00e1stica que cuenta con todos los avances tecnol\u00f3gicos de descanso. De qu\u00e9 est\u00e1 hecho tu colch\u00f3n\u2026 Tejido viscosa 300grs que te transmite todo lo que LowBed quiere [&hellip;]<\/p>\n","protected":false},"featured_media":923,"comment_status":"open","ping_status":"closed","template":"","meta":[],"product_brand":[],"product_cat":[21],"product_tag":[75],"class_list":{"0":"post-481","1":"product","2":"type-product","3":"status-publish","4":"has-post-thumbnail","6":"product_cat-colchones","7":"product_tag-und","9":"first","10":"instock","11":"shipping-taxable","12":"purchasable","13":"product-type-variable"},"yoast_head":"<!-- This site is optimized with the Yoast SEO plugin v27.3 - https:\/\/yoast.com\/product\/yoast-seo-wordpress\/ -->\n<title>Colch\u00f3n R21 - Nature<\/title>\n<meta name=\"robots\" content=\"index, follow, max-snippet:-1, max-image-preview:large, max-video-preview:-1\" \/>\n<link rel=\"canonical\" href=\"https:\/\/tiendanaturedescanso.com\/eu\/produktua\/producto-50\/\" \/>\n<meta property=\"og:locale\" content=\"en_US\" \/>\n<meta property=\"og:type\" content=\"article\" \/>\n<meta property=\"og:title\" content=\"Colch\u00f3n R21 - Nature\" \/>\n<meta property=\"og:description\" content=\"Colch\u00f3n R21 FIRMEZA \u00bfSabes esa sensaci\u00f3n de meterte en la cama y solo tener sensaciones agradables? Eso es el colch\u00f3n R21 es un suave y acogedor colch\u00f3n de viscoel\u00e1stica que cuenta con todos los avances tecnol\u00f3gicos de descanso. De qu\u00e9 est\u00e1 hecho tu colch\u00f3n\u2026 Tejido viscosa 300grs que te transmite todo lo que LowBed quiere [&hellip;]\" \/>\n<meta property=\"og:url\" content=\"https:\/\/tiendanaturedescanso.com\/eu\/produktua\/producto-50\/\" \/>\n<meta property=\"og:site_name\" content=\"Nature\" \/>\n<meta property=\"article:modified_time\" content=\"2023-12-05T12:01:17+00:00\" \/>\n<meta property=\"og:image\" content=\"https:\/\/tiendanaturedescanso.com\/wp-content\/uploads\/2023\/12\/colchonR21.jpg\" \/>\n\t<meta property=\"og:image:width\" content=\"1200\" \/>\n\t<meta property=\"og:image:height\" content=\"750\" \/>\n\t<meta property=\"og:image:type\" content=\"image\/jpeg\" \/>\n<meta name=\"twitter:card\" content=\"summary_large_image\" \/>\n<meta name=\"twitter:label1\" content=\"Est. reading time\" \/>\n\t<meta name=\"twitter:data1\" content=\"1 minutua\" \/>\n<script type=\"application\/ld+json\" class=\"yoast-schema-graph\">{\"@context\":\"https:\\\/\\\/schema.org\",\"@graph\":[{\"@type\":\"WebPage\",\"@id\":\"https:\\\/\\\/tiendanaturedescanso.com\\\/producto\\\/producto-50\\\/\",\"url\":\"https:\\\/\\\/tiendanaturedescanso.com\\\/producto\\\/producto-50\\\/\",\"name\":\"Colch\u00f3n R21 - Nature\",\"isPartOf\":{\"@id\":\"https:\\\/\\\/tiendanaturedescanso.com\\\/#website\"},\"primaryImageOfPage\":{\"@id\":\"https:\\\/\\\/tiendanaturedescanso.com\\\/producto\\\/producto-50\\\/#primaryimage\"},\"image\":{\"@id\":\"https:\\\/\\\/tiendanaturedescanso.com\\\/producto\\\/producto-50\\\/#primaryimage\"},\"thumbnailUrl\":\"https:\\\/\\\/tiendanaturedescanso.com\\\/wp-content\\\/uploads\\\/2023\\\/12\\\/colchonR21.jpg\",\"datePublished\":\"2023-12-04T15:43:19+00:00\",\"dateModified\":\"2023-12-05T12:01:17+00:00\",\"breadcrumb\":{\"@id\":\"https:\\\/\\\/tiendanaturedescanso.com\\\/producto\\\/producto-50\\\/#breadcrumb\"},\"inLanguage\":\"eu\",\"potentialAction\":[{\"@type\":\"ReadAction\",\"target\":[\"https:\\\/\\\/tiendanaturedescanso.com\\\/producto\\\/producto-50\\\/\"]}]},{\"@type\":\"ImageObject\",\"inLanguage\":\"eu\",\"@id\":\"https:\\\/\\\/tiendanaturedescanso.com\\\/producto\\\/producto-50\\\/#primaryimage\",\"url\":\"https:\\\/\\\/tiendanaturedescanso.com\\\/wp-content\\\/uploads\\\/2023\\\/12\\\/colchonR21.jpg\",\"contentUrl\":\"https:\\\/\\\/tiendanaturedescanso.com\\\/wp-content\\\/uploads\\\/2023\\\/12\\\/colchonR21.jpg\",\"width\":1200,\"height\":750},{\"@type\":\"BreadcrumbList\",\"@id\":\"https:\\\/\\\/tiendanaturedescanso.com\\\/producto\\\/producto-50\\\/#breadcrumb\",\"itemListElement\":[{\"@type\":\"ListItem\",\"position\":1,\"name\":\"Portada\",\"item\":\"https:\\\/\\\/tiendanaturedescanso.com\\\/\"},{\"@type\":\"ListItem\",\"position\":2,\"name\":\"Tienda\",\"item\":\"https:\\\/\\\/tiendanaturedescanso.com\\\/tienda\\\/\"},{\"@type\":\"ListItem\",\"position\":3,\"name\":\"Colch\u00f3n R21\"}]},{\"@type\":\"WebSite\",\"@id\":\"https:\\\/\\\/tiendanaturedescanso.com\\\/#website\",\"url\":\"https:\\\/\\\/tiendanaturedescanso.com\\\/\",\"name\":\"Nature\",\"description\":\"Tienda de colchones online con env\u00edo gratis.\",\"publisher\":{\"@id\":\"https:\\\/\\\/tiendanaturedescanso.com\\\/#organization\"},\"potentialAction\":[{\"@type\":\"SearchAction\",\"target\":{\"@type\":\"EntryPoint\",\"urlTemplate\":\"https:\\\/\\\/tiendanaturedescanso.com\\\/?s={search_term_string}\"},\"query-input\":{\"@type\":\"PropertyValueSpecification\",\"valueRequired\":true,\"valueName\":\"search_term_string\"}}],\"inLanguage\":\"eu\"},{\"@type\":\"Organization\",\"@id\":\"https:\\\/\\\/tiendanaturedescanso.com\\\/#organization\",\"name\":\"Nature\",\"url\":\"https:\\\/\\\/tiendanaturedescanso.com\\\/\",\"logo\":{\"@type\":\"ImageObject\",\"inLanguage\":\"eu\",\"@id\":\"https:\\\/\\\/tiendanaturedescanso.com\\\/#\\\/schema\\\/logo\\\/image\\\/\",\"url\":\"https:\\\/\\\/tiendanaturedescanso.com\\\/wp-content\\\/uploads\\\/2023\\\/11\\\/Diseno-sin-titulo.png\",\"contentUrl\":\"https:\\\/\\\/tiendanaturedescanso.com\\\/wp-content\\\/uploads\\\/2023\\\/11\\\/Diseno-sin-titulo.png\",\"width\":500,\"height\":500,\"caption\":\"Nature \"},\"image\":{\"@id\":\"https:\\\/\\\/tiendanaturedescanso.com\\\/#\\\/schema\\\/logo\\\/image\\\/\"}}]}<\/script>\n<!-- \/ Yoast SEO plugin. -->","yoast_head_json":{"title":"Colch\u00f3n R21 - Nature","robots":{"index":"index","follow":"follow","max-snippet":"max-snippet:-1","max-image-preview":"max-image-preview:large","max-video-preview":"max-video-preview:-1"},"canonical":"https:\/\/tiendanaturedescanso.com\/eu\/produktua\/producto-50\/","og_locale":"en_US","og_type":"article","og_title":"Colch\u00f3n R21 - Nature","og_description":"Colch\u00f3n R21 FIRMEZA \u00bfSabes esa sensaci\u00f3n de meterte en la cama y solo tener sensaciones agradables? Eso es el colch\u00f3n R21 es un suave y acogedor colch\u00f3n de viscoel\u00e1stica que cuenta con todos los avances tecnol\u00f3gicos de descanso. De qu\u00e9 est\u00e1 hecho tu colch\u00f3n\u2026 Tejido viscosa 300grs que te transmite todo lo que LowBed quiere [&hellip;]","og_url":"https:\/\/tiendanaturedescanso.com\/eu\/produktua\/producto-50\/","og_site_name":"Nature","article_modified_time":"2023-12-05T12:01:17+00:00","og_image":[{"width":1200,"height":750,"url":"https:\/\/tiendanaturedescanso.com\/wp-content\/uploads\/2023\/12\/colchonR21.jpg","type":"image\/jpeg"}],"twitter_card":"summary_large_image","twitter_misc":{"Est. reading time":"1 minutua"},"schema":{"@context":"https:\/\/schema.org","@graph":[{"@type":"WebPage","@id":"https:\/\/tiendanaturedescanso.com\/producto\/producto-50\/","url":"https:\/\/tiendanaturedescanso.com\/producto\/producto-50\/","name":"Colch\u00f3n R21 - Nature","isPartOf":{"@id":"https:\/\/tiendanaturedescanso.com\/#website"},"primaryImageOfPage":{"@id":"https:\/\/tiendanaturedescanso.com\/producto\/producto-50\/#primaryimage"},"image":{"@id":"https:\/\/tiendanaturedescanso.com\/producto\/producto-50\/#primaryimage"},"thumbnailUrl":"https:\/\/tiendanaturedescanso.com\/wp-content\/uploads\/2023\/12\/colchonR21.jpg","datePublished":"2023-12-04T15:43:19+00:00","dateModified":"2023-12-05T12:01:17+00:00","breadcrumb":{"@id":"https:\/\/tiendanaturedescanso.com\/producto\/producto-50\/#breadcrumb"},"inLanguage":"eu","potentialAction":[{"@type":"ReadAction","target":["https:\/\/tiendanaturedescanso.com\/producto\/producto-50\/"]}]},{"@type":"ImageObject","inLanguage":"eu","@id":"https:\/\/tiendanaturedescanso.com\/producto\/producto-50\/#primaryimage","url":"https:\/\/tiendanaturedescanso.com\/wp-content\/uploads\/2023\/12\/colchonR21.jpg","contentUrl":"https:\/\/tiendanaturedescanso.com\/wp-content\/uploads\/2023\/12\/colchonR21.jpg","width":1200,"height":750},{"@type":"BreadcrumbList","@id":"https:\/\/tiendanaturedescanso.com\/producto\/producto-50\/#breadcrumb","itemListElement":[{"@type":"ListItem","position":1,"name":"Portada","item":"https:\/\/tiendanaturedescanso.com\/"},{"@type":"ListItem","position":2,"name":"Tienda","item":"https:\/\/tiendanaturedescanso.com\/tienda\/"},{"@type":"ListItem","position":3,"name":"Colch\u00f3n R21"}]},{"@type":"WebSite","@id":"https:\/\/tiendanaturedescanso.com\/#website","url":"https:\/\/tiendanaturedescanso.com\/","name":"Nature","description":"Tienda de colchones online con env\u00edo gratis.","publisher":{"@id":"https:\/\/tiendanaturedescanso.com\/#organization"},"potentialAction":[{"@type":"SearchAction","target":{"@type":"EntryPoint","urlTemplate":"https:\/\/tiendanaturedescanso.com\/?s={search_term_string}"},"query-input":{"@type":"PropertyValueSpecification","valueRequired":true,"valueName":"search_term_string"}}],"inLanguage":"eu"},{"@type":"Organization","@id":"https:\/\/tiendanaturedescanso.com\/#organization","name":"Nature","url":"https:\/\/tiendanaturedescanso.com\/","logo":{"@type":"ImageObject","inLanguage":"eu","@id":"https:\/\/tiendanaturedescanso.com\/#\/schema\/logo\/image\/","url":"https:\/\/tiendanaturedescanso.com\/wp-content\/uploads\/2023\/11\/Diseno-sin-titulo.png","contentUrl":"https:\/\/tiendanaturedescanso.com\/wp-content\/uploads\/2023\/11\/Diseno-sin-titulo.png","width":500,"height":500,"caption":"Nature "},"image":{"@id":"https:\/\/tiendanaturedescanso.com\/#\/schema\/logo\/image\/"}}]}},"_links":{"self":[{"href":"https:\/\/tiendanaturedescanso.com\/eu\/wp-json\/wp\/v2\/product\/481","targetHints":{"allow":["GET"]}}],"collection":[{"href":"https:\/\/tiendanaturedescanso.com\/eu\/wp-json\/wp\/v2\/product"}],"about":[{"href":"https:\/\/tiendanaturedescanso.com\/eu\/wp-json\/wp\/v2\/types\/product"}],"replies":[{"embeddable":true,"href":"https:\/\/tiendanaturedescanso.com\/eu\/wp-json\/wp\/v2\/comments?post=481"}],"wp:featuredmedia":[{"embeddable":true,"href":"https:\/\/tiendanaturedescanso.com\/eu\/wp-json\/wp\/v2\/media\/923"}],"wp:attachment":[{"href":"https:\/\/tiendanaturedescanso.com\/eu\/wp-json\/wp\/v2\/media?parent=481"}],"wp:term":[{"taxonomy":"product_brand","embeddable":true,"href":"https:\/\/tiendanaturedescanso.com\/eu\/wp-json\/wp\/v2\/product_brand?post=481"},{"taxonomy":"product_cat","embeddable":true,"href":"https:\/\/tiendanaturedescanso.com\/eu\/wp-json\/wp\/v2\/product_cat?post=481"},{"taxonomy":"product_tag","embeddable":true,"href":"https:\/\/tiendanaturedescanso.com\/eu\/wp-json\/wp\/v2\/product_tag?post=481"}],"curies":[{"name":"wp","href":"https:\/\/api.w.org\/{rel}","templated":true}]}}