{"id":45,"date":"2023-11-15T10:31:13","date_gmt":"2023-11-15T10:31:13","guid":{"rendered":"https:\/\/web4.rkinformatika.net\/naturedescanso\/?page_id=45"},"modified":"2023-12-13T15:35:33","modified_gmt":"2023-12-13T15:35:33","slug":"politica-de-envio","status":"publish","type":"page","link":"https:\/\/tiendanaturedescanso.com\/eu\/politica-de-envio\/","title":{"rendered":"Pol\u00edtica de Envio"},"content":{"rendered":"<div data-elementor-type=\"wp-page\" data-elementor-id=\"45\" class=\"elementor elementor-45\" data-elementor-post-type=\"page\">\n\t\t\t\t\t\t<section class=\"elementor-section elementor-top-section elementor-element elementor-element-2ef19ac elementor-section-boxed elementor-section-height-default elementor-section-height-default\" data-id=\"2ef19ac\" data-element_type=\"section\" data-e-type=\"section\">\n\t\t\t\t\t\t<div class=\"elementor-container elementor-column-gap-default\">\n\t\t\t\t\t<div class=\"elementor-column elementor-col-100 elementor-top-column elementor-element elementor-element-d22bfc0\" data-id=\"d22bfc0\" data-element_type=\"column\" data-e-type=\"column\">\n\t\t\t<div class=\"elementor-widget-wrap elementor-element-populated\">\n\t\t\t\t\t\t<div class=\"elementor-element elementor-element-518fd35 elementor-widget elementor-widget-text-editor\" data-id=\"518fd35\" data-element_type=\"widget\" data-e-type=\"widget\" data-widget_type=\"text-editor.default\">\n\t\t\t\t<div class=\"elementor-widget-container\">\n\t\t\t\t\t\t\t\t\t<h1 align=\"justify\"><strong><span style=\"color: #666666;\"><span style=\"font-family: Helvetica 65 Medium, sans-serif;\"><b>Pol\u00edtica de env\u00edo<\/b><\/span><\/span><\/strong><\/h1>\n<p align=\"justify\"><span style=\"color: #6d6d6d;\"><span style=\"font-family: Helvetica 65 Medium, sans-serif;\"><span style=\"font-size: large;\"><span style=\"font-size: 300%;\">T<\/span>odos los pedidos recibidos, con stock disponible y abonados antes de las 12:00 horas de lunes a viernes ser\u00e1n cursados el mismo d\u00eda. A partir de las 12:00 se tramitar\u00e1n el siguiente d\u00eda h\u00e1bil. Los pedidos con stock disponible tendr\u00e1n un env\u00edo 24 \u2013 48hrs.<\/span><\/span><\/span><\/p>\n<p align=\"justify\"><span style=\"color: #6d6d6d;\"><span style=\"font-family: Helvetica 65 Medium, sans-serif;\"><span style=\"font-size: large;\"><br>El precio del env\u00edo incluye 2 intentos de entrega en el domicilio del cliente. El tercer intento y sucesivos correr\u00e1n a cargo del cliente. La empresa de transporte intentar\u00e1 ponerse en contacto con el tel\u00e9fono suministrado por el cliente.<\/span><\/span><\/span><\/p>\n<p align=\"justify\"><span style=\"color: #6d6d6d;\"><span style=\"font-family: Helvetica 65 Medium, sans-serif;\"><span style=\"font-size: large;\"><br>No hay confirmado preaviso telef\u00f3nico previo al env\u00edo, por lo que por favor, indique una direcci\u00f3n de entrega donde haya gente de manera habitual, por ejemplo su lugar de trabajo. De esta manera se evitan muchos retrasos y gestiones posteriores.<\/span><\/span><\/span><\/p>\n<p align=\"justify\"><span style=\"color: #6d6d6d;\"><span style=\"font-family: Helvetica 65 Medium, sans-serif;\"><span style=\"font-size: large;\"><br>En los env\u00edos a las Canarias, Ceuta y Melilla, \u00e9stos pueden ver incrementado su coste por impuestos locales como es el caso de IGIC y que correr\u00e1n por cuenta del comprador.<br>No se servir\u00e1n pedidos en Apartados de Correos.<\/span><\/span><\/span><\/p>\n<p align=\"justify\"><span style=\"color: #6d6d6d;\"><span style=\"font-family: Helvetica 65 Medium, sans-serif;\"><span style=\"font-size: large;\"><br>A cada producto ser\u00e1n aplicables las Condiciones de entrega establecidas en su caso. El usuario deber\u00e1 tener en cuenta dichas Condiciones.<\/span><\/span><\/span><\/p>\n<p align=\"justify\"><span style=\"color: #6d6d6d;\"><span style=\"font-family: Helvetica 65 Medium, sans-serif;\"><span style=\"font-size: large;\"><br>Para cualquier cuesti\u00f3n relacionada con la entrega o las condiciones del producto, el usuario deber\u00e1 contactar con Atenci\u00f3n al Cliente de <\/span><\/span><\/span><font color=\"#6d6d6d\" size=\"4\"><b>Juan Francisco Herance Contreras<\/b><\/font><span style=\"font-size: large; color: rgb(109, 109, 109);\">, enviando un correo electr\u00f3nico a <\/span><font color=\"#6d6d6d\" size=\"4\"><b>juan@naturedescanso.com<\/b><\/font><span style=\"font-size: large; color: rgb(109, 109, 109);\">, que ser\u00e1 respondido a la mayor brevedad.<\/span><\/p>\n<p align=\"justify\"><span style=\"color: #6d6d6d;\"><span style=\"font-family: Helvetica 65 Medium, sans-serif;\"><span style=\"font-size: large;\"><br>Los pedidos no se entregan los fines de semana, ni los d\u00edas festivos. Estos d\u00edas, as\u00ed como los afectados por huelga de transportistas o suministradores, no se computar\u00e1n a efectos de plazos de entrega.<\/span><\/span><\/span><\/p>\n<p align=\"justify\"><span style=\"color: #6d6d6d;\"><span style=\"font-family: Helvetica 65 Medium, sans-serif;\"><span style=\"font-size: large;\"><br>Tanto las oficinas de <\/span><\/span><\/span><font color=\"#6d6d6d\" size=\"4\"><b>Juan Francisco Herance Contreras<\/b><\/font><span style=\"font-size: large; color: rgb(109, 109, 109);\">&nbsp;como los almacenes de la empresa log\u00edstica est\u00e1n sujetas a las fiestas oficiales de la Comunidad de Pa\u00eds Vasco, no dando servicio en dichos d\u00edas.<\/span><\/p>\n<p align=\"justify\">\n<\/p>\t\t\t\t\t\t\t\t<\/div>\n\t\t\t\t<\/div>\n\t\t\t\t\t<\/div>\n\t\t<\/div>\n\t\t\t\t\t<\/div>\n\t\t<\/section>\n\t\t\t\t<\/div>","protected":false},"excerpt":{"rendered":"<p>Pol\u00edtica de env\u00edo Todos los pedidos recibidos, con stock disponible y abonados antes de las 12:00 horas de lunes a viernes ser\u00e1n cursados el mismo d\u00eda. A partir de las 12:00 se tramitar\u00e1n el siguiente d\u00eda h\u00e1bil. Los pedidos con stock disponible tendr\u00e1n un env\u00edo 24 \u2013 48hrs. El precio del env\u00edo incluye 2 intentos [&hellip;]<\/p>\n","protected":false},"author":1,"featured_media":0,"parent":0,"menu_order":0,"comment_status":"closed","ping_status":"closed","template":"elementor_canvas","meta":{"footnotes":""},"class_list":["post-45","page","type-page","status-publish","hentry"],"yoast_head":"<!-- This site is optimized with the Yoast SEO plugin v27.3 - https:\/\/yoast.com\/product\/yoast-seo-wordpress\/ -->\n<title>Pol\u00edtica de Envio - Nature<\/title>\n<meta name=\"robots\" content=\"index, follow, max-snippet:-1, max-image-preview:large, max-video-preview:-1\" \/>\n<link rel=\"canonical\" href=\"https:\/\/tiendanaturedescanso.com\/eu\/politica-de-envio\/\" \/>\n<meta property=\"og:locale\" content=\"en_US\" \/>\n<meta property=\"og:type\" content=\"article\" \/>\n<meta property=\"og:title\" content=\"Pol\u00edtica de Envio - Nature\" \/>\n<meta property=\"og:description\" content=\"Pol\u00edtica de env\u00edo Todos los pedidos recibidos, con stock disponible y abonados antes de las 12:00 horas de lunes a viernes ser\u00e1n cursados el mismo d\u00eda. A partir de las 12:00 se tramitar\u00e1n el siguiente d\u00eda h\u00e1bil. Los pedidos con stock disponible tendr\u00e1n un env\u00edo 24 \u2013 48hrs. El precio del env\u00edo incluye 2 intentos [&hellip;]\" \/>\n<meta property=\"og:url\" content=\"https:\/\/tiendanaturedescanso.com\/eu\/politica-de-envio\/\" \/>\n<meta property=\"og:site_name\" content=\"Nature\" \/>\n<meta property=\"article:modified_time\" content=\"2023-12-13T15:35:33+00:00\" \/>\n<meta name=\"twitter:card\" content=\"summary_large_image\" \/>\n<meta name=\"twitter:label1\" content=\"Est. reading time\" \/>\n\t<meta name=\"twitter:data1\" content=\"2 minutua\" \/>\n<script type=\"application\/ld+json\" class=\"yoast-schema-graph\">{\"@context\":\"https:\\\/\\\/schema.org\",\"@graph\":[{\"@type\":\"WebPage\",\"@id\":\"https:\\\/\\\/tiendanaturedescanso.com\\\/politica-de-envio\\\/\",\"url\":\"https:\\\/\\\/tiendanaturedescanso.com\\\/politica-de-envio\\\/\",\"name\":\"Pol\u00edtica de Envio - Nature\",\"isPartOf\":{\"@id\":\"https:\\\/\\\/tiendanaturedescanso.com\\\/#website\"},\"datePublished\":\"2023-11-15T10:31:13+00:00\",\"dateModified\":\"2023-12-13T15:35:33+00:00\",\"breadcrumb\":{\"@id\":\"https:\\\/\\\/tiendanaturedescanso.com\\\/politica-de-envio\\\/#breadcrumb\"},\"inLanguage\":\"eu\",\"potentialAction\":[{\"@type\":\"ReadAction\",\"target\":[\"https:\\\/\\\/tiendanaturedescanso.com\\\/politica-de-envio\\\/\"]}]},{\"@type\":\"BreadcrumbList\",\"@id\":\"https:\\\/\\\/tiendanaturedescanso.com\\\/politica-de-envio\\\/#breadcrumb\",\"itemListElement\":[{\"@type\":\"ListItem\",\"position\":1,\"name\":\"Portada\",\"item\":\"https:\\\/\\\/tiendanaturedescanso.com\\\/\"},{\"@type\":\"ListItem\",\"position\":2,\"name\":\"Pol\u00edtica de Envio\"}]},{\"@type\":\"WebSite\",\"@id\":\"https:\\\/\\\/tiendanaturedescanso.com\\\/#website\",\"url\":\"https:\\\/\\\/tiendanaturedescanso.com\\\/\",\"name\":\"Nature\",\"description\":\"Tienda de colchones online con env\u00edo gratis.\",\"publisher\":{\"@id\":\"https:\\\/\\\/tiendanaturedescanso.com\\\/#organization\"},\"potentialAction\":[{\"@type\":\"SearchAction\",\"target\":{\"@type\":\"EntryPoint\",\"urlTemplate\":\"https:\\\/\\\/tiendanaturedescanso.com\\\/?s={search_term_string}\"},\"query-input\":{\"@type\":\"PropertyValueSpecification\",\"valueRequired\":true,\"valueName\":\"search_term_string\"}}],\"inLanguage\":\"eu\"},{\"@type\":\"Organization\",\"@id\":\"https:\\\/\\\/tiendanaturedescanso.com\\\/#organization\",\"name\":\"Nature\",\"url\":\"https:\\\/\\\/tiendanaturedescanso.com\\\/\",\"logo\":{\"@type\":\"ImageObject\",\"inLanguage\":\"eu\",\"@id\":\"https:\\\/\\\/tiendanaturedescanso.com\\\/#\\\/schema\\\/logo\\\/image\\\/\",\"url\":\"https:\\\/\\\/tiendanaturedescanso.com\\\/wp-content\\\/uploads\\\/2023\\\/11\\\/Diseno-sin-titulo.png\",\"contentUrl\":\"https:\\\/\\\/tiendanaturedescanso.com\\\/wp-content\\\/uploads\\\/2023\\\/11\\\/Diseno-sin-titulo.png\",\"width\":500,\"height\":500,\"caption\":\"Nature \"},\"image\":{\"@id\":\"https:\\\/\\\/tiendanaturedescanso.com\\\/#\\\/schema\\\/logo\\\/image\\\/\"}}]}<\/script>\n<!-- \/ Yoast SEO plugin. -->","yoast_head_json":{"title":"Pol\u00edtica de Envio - Nature","robots":{"index":"index","follow":"follow","max-snippet":"max-snippet:-1","max-image-preview":"max-image-preview:large","max-video-preview":"max-video-preview:-1"},"canonical":"https:\/\/tiendanaturedescanso.com\/eu\/politica-de-envio\/","og_locale":"en_US","og_type":"article","og_title":"Pol\u00edtica de Envio - Nature","og_description":"Pol\u00edtica de env\u00edo Todos los pedidos recibidos, con stock disponible y abonados antes de las 12:00 horas de lunes a viernes ser\u00e1n cursados el mismo d\u00eda. A partir de las 12:00 se tramitar\u00e1n el siguiente d\u00eda h\u00e1bil. Los pedidos con stock disponible tendr\u00e1n un env\u00edo 24 \u2013 48hrs. El precio del env\u00edo incluye 2 intentos [&hellip;]","og_url":"https:\/\/tiendanaturedescanso.com\/eu\/politica-de-envio\/","og_site_name":"Nature","article_modified_time":"2023-12-13T15:35:33+00:00","twitter_card":"summary_large_image","twitter_misc":{"Est. reading time":"2 minutua"},"schema":{"@context":"https:\/\/schema.org","@graph":[{"@type":"WebPage","@id":"https:\/\/tiendanaturedescanso.com\/politica-de-envio\/","url":"https:\/\/tiendanaturedescanso.com\/politica-de-envio\/","name":"Pol\u00edtica de Envio - Nature","isPartOf":{"@id":"https:\/\/tiendanaturedescanso.com\/#website"},"datePublished":"2023-11-15T10:31:13+00:00","dateModified":"2023-12-13T15:35:33+00:00","breadcrumb":{"@id":"https:\/\/tiendanaturedescanso.com\/politica-de-envio\/#breadcrumb"},"inLanguage":"eu","potentialAction":[{"@type":"ReadAction","target":["https:\/\/tiendanaturedescanso.com\/politica-de-envio\/"]}]},{"@type":"BreadcrumbList","@id":"https:\/\/tiendanaturedescanso.com\/politica-de-envio\/#breadcrumb","itemListElement":[{"@type":"ListItem","position":1,"name":"Portada","item":"https:\/\/tiendanaturedescanso.com\/"},{"@type":"ListItem","position":2,"name":"Pol\u00edtica de Envio"}]},{"@type":"WebSite","@id":"https:\/\/tiendanaturedescanso.com\/#website","url":"https:\/\/tiendanaturedescanso.com\/","name":"Nature","description":"Tienda de colchones online con env\u00edo gratis.","publisher":{"@id":"https:\/\/tiendanaturedescanso.com\/#organization"},"potentialAction":[{"@type":"SearchAction","target":{"@type":"EntryPoint","urlTemplate":"https:\/\/tiendanaturedescanso.com\/?s={search_term_string}"},"query-input":{"@type":"PropertyValueSpecification","valueRequired":true,"valueName":"search_term_string"}}],"inLanguage":"eu"},{"@type":"Organization","@id":"https:\/\/tiendanaturedescanso.com\/#organization","name":"Nature","url":"https:\/\/tiendanaturedescanso.com\/","logo":{"@type":"ImageObject","inLanguage":"eu","@id":"https:\/\/tiendanaturedescanso.com\/#\/schema\/logo\/image\/","url":"https:\/\/tiendanaturedescanso.com\/wp-content\/uploads\/2023\/11\/Diseno-sin-titulo.png","contentUrl":"https:\/\/tiendanaturedescanso.com\/wp-content\/uploads\/2023\/11\/Diseno-sin-titulo.png","width":500,"height":500,"caption":"Nature "},"image":{"@id":"https:\/\/tiendanaturedescanso.com\/#\/schema\/logo\/image\/"}}]}},"_links":{"self":[{"href":"https:\/\/tiendanaturedescanso.com\/eu\/wp-json\/wp\/v2\/pages\/45","targetHints":{"allow":["GET"]}}],"collection":[{"href":"https:\/\/tiendanaturedescanso.com\/eu\/wp-json\/wp\/v2\/pages"}],"about":[{"href":"https:\/\/tiendanaturedescanso.com\/eu\/wp-json\/wp\/v2\/types\/page"}],"author":[{"embeddable":true,"href":"https:\/\/tiendanaturedescanso.com\/eu\/wp-json\/wp\/v2\/users\/1"}],"replies":[{"embeddable":true,"href":"https:\/\/tiendanaturedescanso.com\/eu\/wp-json\/wp\/v2\/comments?post=45"}],"version-history":[{"count":10,"href":"https:\/\/tiendanaturedescanso.com\/eu\/wp-json\/wp\/v2\/pages\/45\/revisions"}],"predecessor-version":[{"id":2521,"href":"https:\/\/tiendanaturedescanso.com\/eu\/wp-json\/wp\/v2\/pages\/45\/revisions\/2521"}],"wp:attachment":[{"href":"https:\/\/tiendanaturedescanso.com\/eu\/wp-json\/wp\/v2\/media?parent=45"}],"curies":[{"name":"wp","href":"https:\/\/api.w.org\/{rel}","templated":true}]}}