{"id":36,"date":"2023-11-15T10:27:34","date_gmt":"2023-11-15T10:27:34","guid":{"rendered":"https:\/\/web4.rkinformatika.net\/naturedescanso\/?page_id=36"},"modified":"2023-12-13T12:54:56","modified_gmt":"2023-12-13T12:54:56","slug":"blog","status":"publish","type":"page","link":"https:\/\/tiendanaturedescanso.com\/eu\/blog\/","title":{"rendered":"Blog"},"content":{"rendered":"<div data-elementor-type=\"wp-page\" data-elementor-id=\"36\" class=\"elementor elementor-36\" data-elementor-post-type=\"page\">\n\t\t\t\t\t\t<section class=\"elementor-section elementor-top-section elementor-element elementor-element-c964cd3 elementor-section-boxed elementor-section-height-default elementor-section-height-default\" data-id=\"c964cd3\" data-element_type=\"section\" data-e-type=\"section\" data-settings=\"{&quot;background_background&quot;:&quot;classic&quot;}\">\n\t\t\t\t\t\t\t<div class=\"elementor-background-overlay\"><\/div>\n\t\t\t\t\t\t\t<div class=\"elementor-container elementor-column-gap-default\">\n\t\t\t\t\t<div class=\"elementor-column elementor-col-100 elementor-top-column elementor-element elementor-element-6c75cea\" data-id=\"6c75cea\" data-element_type=\"column\" data-e-type=\"column\">\n\t\t\t<div class=\"elementor-widget-wrap\">\n\t\t\t\t\t\t\t<\/div>\n\t\t<\/div>\n\t\t\t\t\t<\/div>\n\t\t<\/section>\n\t\t<div class=\"elementor-element elementor-element-163464f e-flex e-con-boxed e-con e-parent\" data-id=\"163464f\" data-element_type=\"container\" data-e-type=\"container\">\n\t\t\t\t\t<div class=\"e-con-inner\">\n\t\t\t\t<div class=\"elementor-element elementor-element-eb68d94 elementor-widget elementor-widget-eael-post-timeline\" data-id=\"eb68d94\" data-element_type=\"widget\" data-e-type=\"widget\" data-widget_type=\"eael-post-timeline.default\">\n\t\t\t\t<div class=\"elementor-widget-container\">\n\t\t\t\t\t<div id=\"eael-post-timeline-eb68d94\" class=\"eael-post-timeline timeline-layout-card eael-post-timeline-arrow-top\">\n            <div class=\"eael-post-timeline eael-post-appender eael-post-appender-eb68d94\"><article class=\"eael-timeline-post\">\n    <div class=\"eael-timeline-bullet\"><\/div>\n    <div class=\"eael-timeline-post-inner\">\n        <a class=\"eael-timeline-post-link\" href=\"https:\/\/tiendanaturedescanso.com\/eu\/las-tendencias-mas-innovadoras-en-colchones\/\" title=\"Las tendencias m\u00e1s innovadoras en colchones\">\n            <time datetime=\"13 abendua, 2023\">13 abendua, 2023<\/time>\n            <div class=\"eael-timeline-post-image\" style=\"background-image: url(https:\/\/tiendanaturedescanso.com\/wp-content\/uploads\/2023\/11\/child-is-sleeping-in-the-bed-300x189.jpg)\"><\/div><div class=\"eael-timeline-content\"><div class=\"eael-timeline-post-title\">\n\t\t                    <h2 class=\"eael-timeline-post-title-text\">Las tendencias m\u00e1s innovadoras en colchones<\/h2>\n\t\t                <\/div><div class=\"eael-timeline-post-excerpt\"><p>El nuevo mundo en el que nos movemos Desde hace...<\/p><\/div><\/div><\/a>\n    <\/div>\n    <div class=\"eael-timeline-clear\"><\/div>\n<\/article><article class=\"eael-timeline-post\">\n    <div class=\"eael-timeline-bullet\"><\/div>\n    <div class=\"eael-timeline-post-inner\">\n        <a class=\"eael-timeline-post-link\" href=\"https:\/\/tiendanaturedescanso.com\/eu\/colchon-ecologico-colches-naturales\/\" title=\"Colch\u00f3n ecol\u00f3gico \/ Colches naturales\">\n            <time datetime=\"13 abendua, 2023\">13 abendua, 2023<\/time>\n            <div class=\"eael-timeline-post-image\" style=\"background-image: url(https:\/\/tiendanaturedescanso.com\/wp-content\/uploads\/2023\/12\/a-pair-of-old-mattresses-abandoned-in-the-middle-of-nature-300x200.jpg)\"><\/div><div class=\"eael-timeline-content\"><div class=\"eael-timeline-post-title\">\n\t\t                    <h2 class=\"eael-timeline-post-title-text\">Colch\u00f3n ecol\u00f3gico \/ Colches naturales<\/h2>\n\t\t                <\/div><div class=\"eael-timeline-post-excerpt\"><p>Colchones naturales Colchones naturales y ecol\u00f3gicos para un descanso saludable.&nbsp;...<\/p><\/div><\/div><\/a>\n    <\/div>\n    <div class=\"eael-timeline-clear\"><\/div>\n<\/article><\/div>\n\t\t<\/div>\t\t\t\t<\/div>\n\t\t\t\t<\/div>\n\t\t\t\t\t<\/div>\n\t\t\t\t<\/div>\n\t\t\t\t<\/div>","protected":false},"excerpt":{"rendered":"<p>diciembre 13, 2023 Las tendencias m\u00e1s innovadoras en colchones El nuevo mundo en el que nos movemos Desde hace&#8230; diciembre 13, 2023 Colch\u00f3n ecol\u00f3gico \/ Colches naturales Colchones naturales Colchones naturales y ecol\u00f3gicos para un descanso saludable.&nbsp;&#8230;<\/p>","protected":false},"author":1,"featured_media":0,"parent":0,"menu_order":0,"comment_status":"closed","ping_status":"closed","template":"elementor_canvas","meta":{"footnotes":""},"class_list":["post-36","page","type-page","status-publish","hentry"],"yoast_head":"<!-- This site is optimized with the Yoast SEO plugin v27.3 - https:\/\/yoast.com\/product\/yoast-seo-wordpress\/ -->\n<title>Blog - Nature<\/title>\n<meta name=\"robots\" content=\"index, follow, max-snippet:-1, max-image-preview:large, max-video-preview:-1\" \/>\n<link rel=\"canonical\" href=\"https:\/\/tiendanaturedescanso.com\/eu\/blog\/\" \/>\n<meta property=\"og:locale\" content=\"en_US\" \/>\n<meta property=\"og:type\" content=\"article\" \/>\n<meta property=\"og:title\" content=\"Blog - Nature\" \/>\n<meta property=\"og:description\" content=\"diciembre 13, 2023 Las tendencias m\u00e1s innovadoras en colchones El nuevo mundo en el que nos movemos Desde hace&#8230; diciembre 13, 2023 Colch\u00f3n ecol\u00f3gico \/ Colches naturales Colchones naturales Colchones naturales y ecol\u00f3gicos para un descanso saludable.&nbsp;&#8230;\" \/>\n<meta property=\"og:url\" content=\"https:\/\/tiendanaturedescanso.com\/eu\/blog\/\" \/>\n<meta property=\"og:site_name\" content=\"Nature\" \/>\n<meta property=\"article:modified_time\" content=\"2023-12-13T12:54:56+00:00\" \/>\n<meta name=\"twitter:card\" content=\"summary_large_image\" \/>\n<meta name=\"twitter:label1\" content=\"Est. reading time\" \/>\n\t<meta name=\"twitter:data1\" content=\"1 minutua\" \/>\n<script type=\"application\/ld+json\" class=\"yoast-schema-graph\">{\"@context\":\"https:\\\/\\\/schema.org\",\"@graph\":[{\"@type\":\"WebPage\",\"@id\":\"https:\\\/\\\/tiendanaturedescanso.com\\\/blog\\\/\",\"url\":\"https:\\\/\\\/tiendanaturedescanso.com\\\/blog\\\/\",\"name\":\"Blog - Nature\",\"isPartOf\":{\"@id\":\"https:\\\/\\\/tiendanaturedescanso.com\\\/#website\"},\"datePublished\":\"2023-11-15T10:27:34+00:00\",\"dateModified\":\"2023-12-13T12:54:56+00:00\",\"breadcrumb\":{\"@id\":\"https:\\\/\\\/tiendanaturedescanso.com\\\/blog\\\/#breadcrumb\"},\"inLanguage\":\"eu\",\"potentialAction\":[{\"@type\":\"ReadAction\",\"target\":[\"https:\\\/\\\/tiendanaturedescanso.com\\\/blog\\\/\"]}]},{\"@type\":\"BreadcrumbList\",\"@id\":\"https:\\\/\\\/tiendanaturedescanso.com\\\/blog\\\/#breadcrumb\",\"itemListElement\":[{\"@type\":\"ListItem\",\"position\":1,\"name\":\"Portada\",\"item\":\"https:\\\/\\\/tiendanaturedescanso.com\\\/\"},{\"@type\":\"ListItem\",\"position\":2,\"name\":\"Blog\"}]},{\"@type\":\"WebSite\",\"@id\":\"https:\\\/\\\/tiendanaturedescanso.com\\\/#website\",\"url\":\"https:\\\/\\\/tiendanaturedescanso.com\\\/\",\"name\":\"Nature\",\"description\":\"Tienda de colchones online con env\u00edo gratis.\",\"publisher\":{\"@id\":\"https:\\\/\\\/tiendanaturedescanso.com\\\/#organization\"},\"potentialAction\":[{\"@type\":\"SearchAction\",\"target\":{\"@type\":\"EntryPoint\",\"urlTemplate\":\"https:\\\/\\\/tiendanaturedescanso.com\\\/?s={search_term_string}\"},\"query-input\":{\"@type\":\"PropertyValueSpecification\",\"valueRequired\":true,\"valueName\":\"search_term_string\"}}],\"inLanguage\":\"eu\"},{\"@type\":\"Organization\",\"@id\":\"https:\\\/\\\/tiendanaturedescanso.com\\\/#organization\",\"name\":\"Nature\",\"url\":\"https:\\\/\\\/tiendanaturedescanso.com\\\/\",\"logo\":{\"@type\":\"ImageObject\",\"inLanguage\":\"eu\",\"@id\":\"https:\\\/\\\/tiendanaturedescanso.com\\\/#\\\/schema\\\/logo\\\/image\\\/\",\"url\":\"https:\\\/\\\/tiendanaturedescanso.com\\\/wp-content\\\/uploads\\\/2023\\\/11\\\/Diseno-sin-titulo.png\",\"contentUrl\":\"https:\\\/\\\/tiendanaturedescanso.com\\\/wp-content\\\/uploads\\\/2023\\\/11\\\/Diseno-sin-titulo.png\",\"width\":500,\"height\":500,\"caption\":\"Nature \"},\"image\":{\"@id\":\"https:\\\/\\\/tiendanaturedescanso.com\\\/#\\\/schema\\\/logo\\\/image\\\/\"}}]}<\/script>\n<!-- \/ Yoast SEO plugin. -->","yoast_head_json":{"title":"Blog - Nature","robots":{"index":"index","follow":"follow","max-snippet":"max-snippet:-1","max-image-preview":"max-image-preview:large","max-video-preview":"max-video-preview:-1"},"canonical":"https:\/\/tiendanaturedescanso.com\/eu\/blog\/","og_locale":"en_US","og_type":"article","og_title":"Blog - Nature","og_description":"diciembre 13, 2023 Las tendencias m\u00e1s innovadoras en colchones El nuevo mundo en el que nos movemos Desde hace&#8230; diciembre 13, 2023 Colch\u00f3n ecol\u00f3gico \/ Colches naturales Colchones naturales Colchones naturales y ecol\u00f3gicos para un descanso saludable.&nbsp;&#8230;","og_url":"https:\/\/tiendanaturedescanso.com\/eu\/blog\/","og_site_name":"Nature","article_modified_time":"2023-12-13T12:54:56+00:00","twitter_card":"summary_large_image","twitter_misc":{"Est. reading time":"1 minutua"},"schema":{"@context":"https:\/\/schema.org","@graph":[{"@type":"WebPage","@id":"https:\/\/tiendanaturedescanso.com\/blog\/","url":"https:\/\/tiendanaturedescanso.com\/blog\/","name":"Blog - Nature","isPartOf":{"@id":"https:\/\/tiendanaturedescanso.com\/#website"},"datePublished":"2023-11-15T10:27:34+00:00","dateModified":"2023-12-13T12:54:56+00:00","breadcrumb":{"@id":"https:\/\/tiendanaturedescanso.com\/blog\/#breadcrumb"},"inLanguage":"eu","potentialAction":[{"@type":"ReadAction","target":["https:\/\/tiendanaturedescanso.com\/blog\/"]}]},{"@type":"BreadcrumbList","@id":"https:\/\/tiendanaturedescanso.com\/blog\/#breadcrumb","itemListElement":[{"@type":"ListItem","position":1,"name":"Portada","item":"https:\/\/tiendanaturedescanso.com\/"},{"@type":"ListItem","position":2,"name":"Blog"}]},{"@type":"WebSite","@id":"https:\/\/tiendanaturedescanso.com\/#website","url":"https:\/\/tiendanaturedescanso.com\/","name":"Nature","description":"Tienda de colchones online con env\u00edo gratis.","publisher":{"@id":"https:\/\/tiendanaturedescanso.com\/#organization"},"potentialAction":[{"@type":"SearchAction","target":{"@type":"EntryPoint","urlTemplate":"https:\/\/tiendanaturedescanso.com\/?s={search_term_string}"},"query-input":{"@type":"PropertyValueSpecification","valueRequired":true,"valueName":"search_term_string"}}],"inLanguage":"eu"},{"@type":"Organization","@id":"https:\/\/tiendanaturedescanso.com\/#organization","name":"Nature","url":"https:\/\/tiendanaturedescanso.com\/","logo":{"@type":"ImageObject","inLanguage":"eu","@id":"https:\/\/tiendanaturedescanso.com\/#\/schema\/logo\/image\/","url":"https:\/\/tiendanaturedescanso.com\/wp-content\/uploads\/2023\/11\/Diseno-sin-titulo.png","contentUrl":"https:\/\/tiendanaturedescanso.com\/wp-content\/uploads\/2023\/11\/Diseno-sin-titulo.png","width":500,"height":500,"caption":"Nature "},"image":{"@id":"https:\/\/tiendanaturedescanso.com\/#\/schema\/logo\/image\/"}}]}},"_links":{"self":[{"href":"https:\/\/tiendanaturedescanso.com\/eu\/wp-json\/wp\/v2\/pages\/36","targetHints":{"allow":["GET"]}}],"collection":[{"href":"https:\/\/tiendanaturedescanso.com\/eu\/wp-json\/wp\/v2\/pages"}],"about":[{"href":"https:\/\/tiendanaturedescanso.com\/eu\/wp-json\/wp\/v2\/types\/page"}],"author":[{"embeddable":true,"href":"https:\/\/tiendanaturedescanso.com\/eu\/wp-json\/wp\/v2\/users\/1"}],"replies":[{"embeddable":true,"href":"https:\/\/tiendanaturedescanso.com\/eu\/wp-json\/wp\/v2\/comments?post=36"}],"version-history":[{"count":34,"href":"https:\/\/tiendanaturedescanso.com\/eu\/wp-json\/wp\/v2\/pages\/36\/revisions"}],"predecessor-version":[{"id":2415,"href":"https:\/\/tiendanaturedescanso.com\/eu\/wp-json\/wp\/v2\/pages\/36\/revisions\/2415"}],"wp:attachment":[{"href":"https:\/\/tiendanaturedescanso.com\/eu\/wp-json\/wp\/v2\/media?parent=36"}],"curies":[{"name":"wp","href":"https:\/\/api.w.org\/{rel}","templated":true}]}}